{"id":8483,"date":"2022-02-01T15:04:52","date_gmt":"2022-02-01T14:04:52","guid":{"rendered":"https:\/\/gegenstrom.org\/?post_type=product&#038;p=8483"},"modified":"2026-02-20T20:49:33","modified_gmt":"2026-02-20T19:49:33","slug":"areopag-ii-der-tribalolibertarismus","status":"publish","type":"product","link":"https:\/\/gegenstrom.org\/en\/shop\/buecher\/areopag\/areopag-ii-der-tribalolibertarismus\/","title":{"rendered":"Areopag II &#8211; Der Tribalolibertarismus"},"content":{"rendered":"<p>[et_pb_section fb_built=&#8220;1&#8243; _builder_version=&#8220;4.16&#8243; custom_padding=&#8220;0px||||false|false&#8220; global_colors_info=&#8220;{}&#8220;][et_pb_row _builder_version=&#8220;4.16&#8243; background_size=&#8220;initial&#8220; background_position=&#8220;top_left&#8220; background_repeat=&#8220;repeat&#8220; width=&#8220;100%&#8220; custom_padding=&#8220;0px||0px||false|false&#8220; global_colors_info=&#8220;{}&#8220;][et_pb_column type=&#8220;4_4&#8243; _builder_version=&#8220;4.16&#8243; custom_padding=&#8220;|||&#8220; global_colors_info=&#8220;{}&#8220; custom_padding__hover=&#8220;|||&#8220;][et_pb_wc_breadcrumb _builder_version=&#8220;4.16&#8243; global_colors_info=&#8220;{}&#8220;][\/et_pb_wc_breadcrumb][et_pb_wc_cart_notice _builder_version=&#8220;4.16&#8243; global_colors_info=&#8220;{}&#8220;][\/et_pb_wc_cart_notice][\/et_pb_column][\/et_pb_row][et_pb_row column_structure=&#8220;1_2,1_2&#8243; _builder_version=&#8220;4.16&#8243; background_size=&#8220;initial&#8220; background_position=&#8220;top_left&#8220; background_repeat=&#8220;repeat&#8220; width=&#8220;100%&#8220; custom_padding=&#8220;0px||||false|false&#8220; global_colors_info=&#8220;{}&#8220;][et_pb_column type=&#8220;1_2&#8243; _builder_version=&#8220;4.16&#8243; custom_padding=&#8220;|||&#8220; global_colors_info=&#8220;{}&#8220; custom_padding__hover=&#8220;|||&#8220;][et_pb_wc_images product=&#8220;8483&#8243; force_fullwidth=&#8220;on&#8220; _builder_version=&#8220;4.16&#8243; max_height=&#8220;1000px&#8220; global_colors_info=&#8220;{}&#8220;][\/et_pb_wc_images][\/et_pb_column][et_pb_column type=&#8220;1_2&#8243; _builder_version=&#8220;4.16&#8243; custom_padding=&#8220;|||&#8220; global_colors_info=&#8220;{}&#8220; custom_padding__hover=&#8220;|||&#8220;][et_pb_wc_title _builder_version=&#8220;4.16&#8243; global_colors_info=&#8220;{}&#8220;][\/et_pb_wc_title][et_pb_wc_rating _builder_version=&#8220;4.16&#8243; global_colors_info=&#8220;{}&#8220;][\/et_pb_wc_rating][et_pb_wc_price _builder_version=&#8220;4.16&#8243; global_colors_info=&#8220;{}&#8220;][\/et_pb_wc_price][et_pb_wc_description _builder_version=&#8220;4.16&#8243; global_colors_info=&#8220;{}&#8220;][\/et_pb_wc_description][et_pb_wc_add_to_cart _builder_version=&#8220;4.16&#8243; global_colors_info=&#8220;{}&#8220;][\/et_pb_wc_add_to_cart][et_pb_wc_meta _builder_version=&#8220;4.16&#8243; global_colors_info=&#8220;{}&#8220;][\/et_pb_wc_meta][\/et_pb_column][\/et_pb_row][et_pb_row _builder_version=&#8220;4.16&#8243; background_size=&#8220;initial&#8220; background_position=&#8220;top_left&#8220; background_repeat=&#8220;repeat&#8220; width=&#8220;100%&#8220; global_colors_info=&#8220;{}&#8220;][et_pb_column type=&#8220;4_4&#8243; _builder_version=&#8220;4.16&#8243; custom_padding=&#8220;|||&#8220; global_colors_info=&#8220;{}&#8220; custom_padding__hover=&#8220;|||&#8220;][et_pb_wc_tabs _builder_version=&#8220;4.16&#8243; global_colors_info=&#8220;{}&#8220;] [\/et_pb_wc_tabs][et_pb_wc_upsells _builder_version=&#8220;4.16&#8243; global_colors_info=&#8220;{}&#8220;][\/et_pb_wc_upsells][et_pb_wc_related_products _builder_version=&#8220;4.16&#8243; global_colors_info=&#8220;{}&#8220;][\/et_pb_wc_related_products][\/et_pb_column][\/et_pb_row][\/et_pb_section]<\/p>","protected":false},"excerpt":{"rendered":"<p>Im zweiten Teil der Areopag-Reihe, welche dem freien Austausch von Ideen, Konzepten und Standpunkten gewidmet ist, f\u00fchrt Johannes Scharf die Diskussion \u00fcber den Gegenentwurf zum vorherrschenden System des Demokratismus fort.<\/p>","protected":false},"featured_media":8512,"template":"","meta":{"_et_pb_use_builder":"on","_et_pb_old_content":"Menschen k\u00f6nnen entweder frei oder gleich sein, aber niemals beides zugleich. Daran, welchem Ideal der Deutsch-Amerikaner den Vorzug gibt, l\u00e4sst er keinen Zweifel und begr\u00fcndet seine Entscheidung f\u00fcr die Freiheit mit dem philosophischen Kontraktualismus. W\u00e4hrend im Areopag I die Vorstellung einer \u00bbNeuen Aristokratie\u00ab vertreten wurde, f\u00fchrt Scharf die Vorteile einer Mischverfassung nach r\u00f6mischem Vorbild und das Konzept einer konsensbasierten Demokratie gegen die Tyrannei der Mehrheit (Demokratismus) ins Feld. Er rezipiert au\u00dferdem das Konzept der \u00bbFreien Privatst\u00e4dte\u00ab, das von dem deutschen Unternehmer Titus Gebel entwickelt wurde.<span class=\"Apple-converted-space\">\u00a0<\/span>\r\n\r\nScharfs philosophischer Traktat stellt eine vernunftbasierte Symbiose aus aufkl\u00e4rerischem Individualismus und Ethnopluralismus dar. Er ist ein Pl\u00e4doyer f\u00fcr Freiheit und Vielfalt.","_et_gb_content_width":""},"product_brand":[],"product_cat":[1343,375],"product_tag":[1345,418,1458],"class_list":{"0":"post-8483","1":"product","2":"type-product","3":"status-publish","4":"has-post-thumbnail","6":"product_cat-areopag","7":"product_cat-buecher","8":"product_tag-areopag","9":"product_tag-johannes-scharf","10":"product_tag-tribalolibertarismus","11":"product_shipping_class-bis-500g-gesamtgewicht","13":"first","14":"instock","15":"taxable","16":"shipping-taxable","17":"purchasable","18":"product-type-simple"},"yoast_head":"<!-- This site is optimized with the Yoast SEO plugin v26.2 - https:\/\/yoast.com\/wordpress\/plugins\/seo\/ -->\n<title>Areopag II - Der Tribalolibertarismus - Gegenstrom<\/title>\n<meta name=\"robots\" content=\"index, follow, max-snippet:-1, max-image-preview:large, max-video-preview:-1\" \/>\n<link rel=\"canonical\" href=\"https:\/\/gegenstrom.org\/en\/shop\/buecher\/areopag\/areopag-ii-der-tribalolibertarismus\/\" \/>\n<meta property=\"og:locale\" content=\"en_US\" \/>\n<meta property=\"og:type\" content=\"article\" \/>\n<meta property=\"og:title\" content=\"Areopag II - Der Tribalolibertarismus - Gegenstrom\" \/>\n<meta property=\"og:description\" content=\"Im zweiten Teil der Areopag-Reihe, welche dem freien Austausch von Ideen, Konzepten und Standpunkten gewidmet ist, f\u00fchrt Johannes Scharf die Diskussion \u00fcber den Gegenentwurf zum vorherrschenden System des Demokratismus fort.\" \/>\n<meta property=\"og:url\" content=\"https:\/\/gegenstrom.org\/en\/shop\/buecher\/areopag\/areopag-ii-der-tribalolibertarismus\/\" \/>\n<meta property=\"og:site_name\" content=\"Gegenstrom\" \/>\n<meta property=\"article:publisher\" content=\"https:\/\/de-de.facebook.com\/rechteMetapolitik\/\" \/>\n<meta property=\"article:modified_time\" content=\"2026-02-20T19:49:33+00:00\" \/>\n<meta property=\"og:image\" content=\"https:\/\/gegenstrom.org\/wp-content\/uploads\/2022\/02\/Produktbild-Areopag-2r-scaled.jpg\" \/>\n\t<meta property=\"og:image:width\" content=\"2560\" \/>\n\t<meta property=\"og:image:height\" content=\"2560\" \/>\n\t<meta property=\"og:image:type\" content=\"image\/jpeg\" \/>\n<meta name=\"twitter:card\" content=\"summary_large_image\" \/>\n<meta name=\"twitter:label1\" content=\"Est. reading time\" \/>\n\t<meta name=\"twitter:data1\" content=\"3 minutes\" \/>\n<script type=\"application\/ld+json\" class=\"yoast-schema-graph\">{\"@context\":\"https:\/\/schema.org\",\"@graph\":[{\"@type\":\"WebPage\",\"@id\":\"https:\/\/gegenstrom.org\/shop\/buecher\/areopag\/areopag-ii-der-tribalolibertarismus\/\",\"url\":\"https:\/\/gegenstrom.org\/shop\/buecher\/areopag\/areopag-ii-der-tribalolibertarismus\/\",\"name\":\"Areopag II - Der Tribalolibertarismus - Gegenstrom\",\"isPartOf\":{\"@id\":\"https:\/\/gegenstrom.org\/#website\"},\"primaryImageOfPage\":{\"@id\":\"https:\/\/gegenstrom.org\/shop\/buecher\/areopag\/areopag-ii-der-tribalolibertarismus\/#primaryimage\"},\"image\":{\"@id\":\"https:\/\/gegenstrom.org\/shop\/buecher\/areopag\/areopag-ii-der-tribalolibertarismus\/#primaryimage\"},\"thumbnailUrl\":\"https:\/\/gegenstrom.org\/wp-content\/uploads\/2022\/02\/Produktbild-Areopag-2r-scaled.jpg\",\"datePublished\":\"2022-02-01T14:04:52+00:00\",\"dateModified\":\"2026-02-20T19:49:33+00:00\",\"breadcrumb\":{\"@id\":\"https:\/\/gegenstrom.org\/shop\/buecher\/areopag\/areopag-ii-der-tribalolibertarismus\/#breadcrumb\"},\"inLanguage\":\"en-US\",\"potentialAction\":[{\"@type\":\"ReadAction\",\"target\":[\"https:\/\/gegenstrom.org\/shop\/buecher\/areopag\/areopag-ii-der-tribalolibertarismus\/\"]}]},{\"@type\":\"ImageObject\",\"inLanguage\":\"en-US\",\"@id\":\"https:\/\/gegenstrom.org\/shop\/buecher\/areopag\/areopag-ii-der-tribalolibertarismus\/#primaryimage\",\"url\":\"https:\/\/gegenstrom.org\/wp-content\/uploads\/2022\/02\/Produktbild-Areopag-2r-scaled.jpg\",\"contentUrl\":\"https:\/\/gegenstrom.org\/wp-content\/uploads\/2022\/02\/Produktbild-Areopag-2r-scaled.jpg\",\"width\":2560,\"height\":2560},{\"@type\":\"BreadcrumbList\",\"@id\":\"https:\/\/gegenstrom.org\/shop\/buecher\/areopag\/areopag-ii-der-tribalolibertarismus\/#breadcrumb\",\"itemListElement\":[{\"@type\":\"ListItem\",\"position\":1,\"name\":\"Startseite\",\"item\":\"https:\/\/gegenstrom.org\/\"},{\"@type\":\"ListItem\",\"position\":2,\"name\":\"Shop\",\"item\":\"https:\/\/gegenstrom.org\/shop\/\"},{\"@type\":\"ListItem\",\"position\":3,\"name\":\"Areopag II &#8211; Der Tribalolibertarismus\"}]},{\"@type\":\"WebSite\",\"@id\":\"https:\/\/gegenstrom.org\/#website\",\"url\":\"https:\/\/gegenstrom.org\/\",\"name\":\"Gegenstrom\",\"description\":\"Plattform f\u00fcr rechte Metapolitik\",\"publisher\":{\"@id\":\"https:\/\/gegenstrom.org\/#organization\"},\"potentialAction\":[{\"@type\":\"SearchAction\",\"target\":{\"@type\":\"EntryPoint\",\"urlTemplate\":\"https:\/\/gegenstrom.org\/?s={search_term_string}\"},\"query-input\":{\"@type\":\"PropertyValueSpecification\",\"valueRequired\":true,\"valueName\":\"search_term_string\"}}],\"inLanguage\":\"en-US\"},{\"@type\":\"Organization\",\"@id\":\"https:\/\/gegenstrom.org\/#organization\",\"name\":\"Metapol Verlag & Medien\",\"url\":\"https:\/\/gegenstrom.org\/\",\"logo\":{\"@type\":\"ImageObject\",\"inLanguage\":\"en-US\",\"@id\":\"https:\/\/gegenstrom.org\/#\/schema\/logo\/image\/\",\"url\":\"https:\/\/gegenstrom.org\/wp-content\/uploads\/2019\/11\/WMB_Senkrecht_Farbe_M-e1574681161133.png\",\"contentUrl\":\"https:\/\/gegenstrom.org\/wp-content\/uploads\/2019\/11\/WMB_Senkrecht_Farbe_M-e1574681161133.png\",\"width\":300,\"height\":219,\"caption\":\"Metapol Verlag & Medien\"},\"image\":{\"@id\":\"https:\/\/gegenstrom.org\/#\/schema\/logo\/image\/\"},\"sameAs\":[\"https:\/\/de-de.facebook.com\/rechteMetapolitik\/\",\"https:\/\/www.youtube.com\/channel\/UCvQizs-yQ8YapMiyuD6wDrw\"]}]}<\/script>\n<!-- \/ Yoast SEO plugin. -->","yoast_head_json":{"title":"Areopag II - Der Tribalolibertarismus - Gegenstrom","robots":{"index":"index","follow":"follow","max-snippet":"max-snippet:-1","max-image-preview":"max-image-preview:large","max-video-preview":"max-video-preview:-1"},"canonical":"https:\/\/gegenstrom.org\/en\/shop\/buecher\/areopag\/areopag-ii-der-tribalolibertarismus\/","og_locale":"en_US","og_type":"article","og_title":"Areopag II - Der Tribalolibertarismus - Gegenstrom","og_description":"Im zweiten Teil der Areopag-Reihe, welche dem freien Austausch von Ideen, Konzepten und Standpunkten gewidmet ist, f\u00fchrt Johannes Scharf die Diskussion \u00fcber den Gegenentwurf zum vorherrschenden System des Demokratismus fort.","og_url":"https:\/\/gegenstrom.org\/en\/shop\/buecher\/areopag\/areopag-ii-der-tribalolibertarismus\/","og_site_name":"Gegenstrom","article_publisher":"https:\/\/de-de.facebook.com\/rechteMetapolitik\/","article_modified_time":"2026-02-20T19:49:33+00:00","og_image":[{"width":2560,"height":2560,"url":"https:\/\/gegenstrom.org\/wp-content\/uploads\/2022\/02\/Produktbild-Areopag-2r-scaled.jpg","type":"image\/jpeg"}],"twitter_card":"summary_large_image","twitter_misc":{"Est. reading time":"3 minutes"},"schema":{"@context":"https:\/\/schema.org","@graph":[{"@type":"WebPage","@id":"https:\/\/gegenstrom.org\/shop\/buecher\/areopag\/areopag-ii-der-tribalolibertarismus\/","url":"https:\/\/gegenstrom.org\/shop\/buecher\/areopag\/areopag-ii-der-tribalolibertarismus\/","name":"Areopag II - Der Tribalolibertarismus - Gegenstrom","isPartOf":{"@id":"https:\/\/gegenstrom.org\/#website"},"primaryImageOfPage":{"@id":"https:\/\/gegenstrom.org\/shop\/buecher\/areopag\/areopag-ii-der-tribalolibertarismus\/#primaryimage"},"image":{"@id":"https:\/\/gegenstrom.org\/shop\/buecher\/areopag\/areopag-ii-der-tribalolibertarismus\/#primaryimage"},"thumbnailUrl":"https:\/\/gegenstrom.org\/wp-content\/uploads\/2022\/02\/Produktbild-Areopag-2r-scaled.jpg","datePublished":"2022-02-01T14:04:52+00:00","dateModified":"2026-02-20T19:49:33+00:00","breadcrumb":{"@id":"https:\/\/gegenstrom.org\/shop\/buecher\/areopag\/areopag-ii-der-tribalolibertarismus\/#breadcrumb"},"inLanguage":"en-US","potentialAction":[{"@type":"ReadAction","target":["https:\/\/gegenstrom.org\/shop\/buecher\/areopag\/areopag-ii-der-tribalolibertarismus\/"]}]},{"@type":"ImageObject","inLanguage":"en-US","@id":"https:\/\/gegenstrom.org\/shop\/buecher\/areopag\/areopag-ii-der-tribalolibertarismus\/#primaryimage","url":"https:\/\/gegenstrom.org\/wp-content\/uploads\/2022\/02\/Produktbild-Areopag-2r-scaled.jpg","contentUrl":"https:\/\/gegenstrom.org\/wp-content\/uploads\/2022\/02\/Produktbild-Areopag-2r-scaled.jpg","width":2560,"height":2560},{"@type":"BreadcrumbList","@id":"https:\/\/gegenstrom.org\/shop\/buecher\/areopag\/areopag-ii-der-tribalolibertarismus\/#breadcrumb","itemListElement":[{"@type":"ListItem","position":1,"name":"Startseite","item":"https:\/\/gegenstrom.org\/"},{"@type":"ListItem","position":2,"name":"Shop","item":"https:\/\/gegenstrom.org\/shop\/"},{"@type":"ListItem","position":3,"name":"Areopag II &#8211; Der Tribalolibertarismus"}]},{"@type":"WebSite","@id":"https:\/\/gegenstrom.org\/#website","url":"https:\/\/gegenstrom.org\/","name":"Gegenstrom","description":"Plattform f\u00fcr rechte Metapolitik","publisher":{"@id":"https:\/\/gegenstrom.org\/#organization"},"potentialAction":[{"@type":"SearchAction","target":{"@type":"EntryPoint","urlTemplate":"https:\/\/gegenstrom.org\/?s={search_term_string}"},"query-input":{"@type":"PropertyValueSpecification","valueRequired":true,"valueName":"search_term_string"}}],"inLanguage":"en-US"},{"@type":"Organization","@id":"https:\/\/gegenstrom.org\/#organization","name":"Metapol Verlag & Medien","url":"https:\/\/gegenstrom.org\/","logo":{"@type":"ImageObject","inLanguage":"en-US","@id":"https:\/\/gegenstrom.org\/#\/schema\/logo\/image\/","url":"https:\/\/gegenstrom.org\/wp-content\/uploads\/2019\/11\/WMB_Senkrecht_Farbe_M-e1574681161133.png","contentUrl":"https:\/\/gegenstrom.org\/wp-content\/uploads\/2019\/11\/WMB_Senkrecht_Farbe_M-e1574681161133.png","width":300,"height":219,"caption":"Metapol Verlag & Medien"},"image":{"@id":"https:\/\/gegenstrom.org\/#\/schema\/logo\/image\/"},"sameAs":["https:\/\/de-de.facebook.com\/rechteMetapolitik\/","https:\/\/www.youtube.com\/channel\/UCvQizs-yQ8YapMiyuD6wDrw"]}]}},"jetpack_sharing_enabled":true,"_links":{"self":[{"href":"https:\/\/gegenstrom.org\/en\/wp-json\/wp\/v2\/product\/8483","targetHints":{"allow":["GET"]}}],"collection":[{"href":"https:\/\/gegenstrom.org\/en\/wp-json\/wp\/v2\/product"}],"about":[{"href":"https:\/\/gegenstrom.org\/en\/wp-json\/wp\/v2\/types\/product"}],"wp:featuredmedia":[{"embeddable":true,"href":"https:\/\/gegenstrom.org\/en\/wp-json\/wp\/v2\/media\/8512"}],"wp:attachment":[{"href":"https:\/\/gegenstrom.org\/en\/wp-json\/wp\/v2\/media?parent=8483"}],"wp:term":[{"taxonomy":"product_brand","embeddable":true,"href":"https:\/\/gegenstrom.org\/en\/wp-json\/wp\/v2\/product_brand?post=8483"},{"taxonomy":"product_cat","embeddable":true,"href":"https:\/\/gegenstrom.org\/en\/wp-json\/wp\/v2\/product_cat?post=8483"},{"taxonomy":"product_tag","embeddable":true,"href":"https:\/\/gegenstrom.org\/en\/wp-json\/wp\/v2\/product_tag?post=8483"}],"curies":[{"name":"wp","href":"https:\/\/api.w.org\/{rel}","templated":true}]}}