{"id":6885,"date":"2020-05-04T12:17:40","date_gmt":"2020-05-04T10:17:40","guid":{"rendered":"https:\/\/gegenstrom.org\/?post_type=product&#038;p=6885"},"modified":"2025-10-19T20:58:44","modified_gmt":"2025-10-19T18:58:44","slug":"bild-roemischer-soldat","status":"publish","type":"product","link":"https:\/\/gegenstrom.org\/en\/shop\/kunst\/bild-roemischer-soldat\/","title":{"rendered":"Bild R\u00f6mischer Soldat"},"content":{"rendered":"<p>Wir sind in diese Zeit geboren und m\u00fcssen tapfer den Weg zu Ende gehen, der uns bestimmt ist. Es gibt keinen anderen. Auf dem verlorenen Posten ausharren, ohne Hoffnung, ohne Rettung, ist Pflicht!<br \/>\nAusharren wie jener r\u00f6mischer Soldat, dessen Gebeine man vor einem Tor in Pompeij gefunden hat, der starb weil man beim Ausbruch des Versuvs vergessen hatte ihn abzul\u00f6sen. Das ist Gr\u00f6\u00dfe, das hei\u00dft Rasse haben. Dieses ehrliche Ende ist das einzige, das man einem Menschen nicht nehmen kann. Deshalb tr\u00e4gt diese Darstellung eines r\u00f6mischen Soldaten den olivenen Siegerkranz.<\/p>\n<p>Das Bild des r\u00f6mischen Soldaten kommt als hochwertiger Kunstdruck auf 150g Strukturpapier im A3-Format.<\/p>","protected":false},"excerpt":{"rendered":"<p>Kunstdruck R\u00f6mischer Soldat A3<\/p>","protected":false},"featured_media":6503,"template":"","meta":{"_et_pb_use_builder":"","_et_pb_old_content":"","_et_gb_content_width":""},"product_brand":[],"product_cat":[1263],"product_tag":[],"class_list":{"0":"post-6885","1":"product","2":"type-product","3":"status-publish","4":"has-post-thumbnail","6":"product_cat-kunst","8":"first","9":"instock","10":"taxable","11":"shipping-taxable","12":"purchasable","13":"product-type-simple"},"yoast_head":"<!-- This site is optimized with the Yoast SEO plugin v26.2 - https:\/\/yoast.com\/wordpress\/plugins\/seo\/ -->\n<title>Bild R\u00f6mischer Soldat - Gegenstrom<\/title>\n<meta name=\"robots\" content=\"index, follow, max-snippet:-1, max-image-preview:large, max-video-preview:-1\" \/>\n<link rel=\"canonical\" href=\"https:\/\/gegenstrom.org\/en\/shop\/kunst\/bild-roemischer-soldat\/\" \/>\n<meta property=\"og:locale\" content=\"en_US\" \/>\n<meta property=\"og:type\" content=\"article\" \/>\n<meta property=\"og:title\" content=\"Bild R\u00f6mischer Soldat - Gegenstrom\" \/>\n<meta property=\"og:description\" content=\"Kunstdruck R\u00f6mischer Soldat A3\" \/>\n<meta property=\"og:url\" content=\"https:\/\/gegenstrom.org\/en\/shop\/kunst\/bild-roemischer-soldat\/\" \/>\n<meta property=\"og:site_name\" content=\"Gegenstrom\" \/>\n<meta property=\"article:publisher\" content=\"https:\/\/de-de.facebook.com\/rechteMetapolitik\/\" \/>\n<meta property=\"article:modified_time\" content=\"2025-10-19T18:58:44+00:00\" \/>\n<meta property=\"og:image\" content=\"https:\/\/gegenstrom.org\/wp-content\/uploads\/2020\/03\/Poster-R\u00f6mischer-Soldat-Produktbild.jpg\" \/>\n\t<meta property=\"og:image:width\" content=\"1000\" \/>\n\t<meta property=\"og:image:height\" content=\"1000\" \/>\n\t<meta property=\"og:image:type\" content=\"image\/jpeg\" \/>\n<meta name=\"twitter:card\" content=\"summary_large_image\" \/>\n<meta name=\"twitter:label1\" content=\"Est. reading time\" \/>\n\t<meta name=\"twitter:data1\" content=\"1 minute\" \/>\n<script type=\"application\/ld+json\" class=\"yoast-schema-graph\">{\"@context\":\"https:\/\/schema.org\",\"@graph\":[{\"@type\":\"WebPage\",\"@id\":\"https:\/\/gegenstrom.org\/shop\/kunst\/bild-roemischer-soldat\/\",\"url\":\"https:\/\/gegenstrom.org\/shop\/kunst\/bild-roemischer-soldat\/\",\"name\":\"Bild R\u00f6mischer Soldat - Gegenstrom\",\"isPartOf\":{\"@id\":\"https:\/\/gegenstrom.org\/#website\"},\"primaryImageOfPage\":{\"@id\":\"https:\/\/gegenstrom.org\/shop\/kunst\/bild-roemischer-soldat\/#primaryimage\"},\"image\":{\"@id\":\"https:\/\/gegenstrom.org\/shop\/kunst\/bild-roemischer-soldat\/#primaryimage\"},\"thumbnailUrl\":\"https:\/\/gegenstrom.org\/wp-content\/uploads\/2020\/03\/Poster-R\u00f6mischer-Soldat-Produktbild.jpg\",\"datePublished\":\"2020-05-04T10:17:40+00:00\",\"dateModified\":\"2025-10-19T18:58:44+00:00\",\"breadcrumb\":{\"@id\":\"https:\/\/gegenstrom.org\/shop\/kunst\/bild-roemischer-soldat\/#breadcrumb\"},\"inLanguage\":\"en-US\",\"potentialAction\":[{\"@type\":\"ReadAction\",\"target\":[\"https:\/\/gegenstrom.org\/shop\/kunst\/bild-roemischer-soldat\/\"]}]},{\"@type\":\"ImageObject\",\"inLanguage\":\"en-US\",\"@id\":\"https:\/\/gegenstrom.org\/shop\/kunst\/bild-roemischer-soldat\/#primaryimage\",\"url\":\"https:\/\/gegenstrom.org\/wp-content\/uploads\/2020\/03\/Poster-R\u00f6mischer-Soldat-Produktbild.jpg\",\"contentUrl\":\"https:\/\/gegenstrom.org\/wp-content\/uploads\/2020\/03\/Poster-R\u00f6mischer-Soldat-Produktbild.jpg\",\"width\":1000,\"height\":1000},{\"@type\":\"BreadcrumbList\",\"@id\":\"https:\/\/gegenstrom.org\/shop\/kunst\/bild-roemischer-soldat\/#breadcrumb\",\"itemListElement\":[{\"@type\":\"ListItem\",\"position\":1,\"name\":\"Startseite\",\"item\":\"https:\/\/gegenstrom.org\/\"},{\"@type\":\"ListItem\",\"position\":2,\"name\":\"Shop\",\"item\":\"https:\/\/gegenstrom.org\/shop\/\"},{\"@type\":\"ListItem\",\"position\":3,\"name\":\"Bild R\u00f6mischer Soldat\"}]},{\"@type\":\"WebSite\",\"@id\":\"https:\/\/gegenstrom.org\/#website\",\"url\":\"https:\/\/gegenstrom.org\/\",\"name\":\"Gegenstrom\",\"description\":\"Plattform f\u00fcr rechte Metapolitik\",\"publisher\":{\"@id\":\"https:\/\/gegenstrom.org\/#organization\"},\"potentialAction\":[{\"@type\":\"SearchAction\",\"target\":{\"@type\":\"EntryPoint\",\"urlTemplate\":\"https:\/\/gegenstrom.org\/?s={search_term_string}\"},\"query-input\":{\"@type\":\"PropertyValueSpecification\",\"valueRequired\":true,\"valueName\":\"search_term_string\"}}],\"inLanguage\":\"en-US\"},{\"@type\":\"Organization\",\"@id\":\"https:\/\/gegenstrom.org\/#organization\",\"name\":\"Metapol Verlag & Medien\",\"url\":\"https:\/\/gegenstrom.org\/\",\"logo\":{\"@type\":\"ImageObject\",\"inLanguage\":\"en-US\",\"@id\":\"https:\/\/gegenstrom.org\/#\/schema\/logo\/image\/\",\"url\":\"https:\/\/gegenstrom.org\/wp-content\/uploads\/2019\/11\/WMB_Senkrecht_Farbe_M-e1574681161133.png\",\"contentUrl\":\"https:\/\/gegenstrom.org\/wp-content\/uploads\/2019\/11\/WMB_Senkrecht_Farbe_M-e1574681161133.png\",\"width\":300,\"height\":219,\"caption\":\"Metapol Verlag & Medien\"},\"image\":{\"@id\":\"https:\/\/gegenstrom.org\/#\/schema\/logo\/image\/\"},\"sameAs\":[\"https:\/\/de-de.facebook.com\/rechteMetapolitik\/\",\"https:\/\/www.youtube.com\/channel\/UCvQizs-yQ8YapMiyuD6wDrw\"]}]}<\/script>\n<!-- \/ Yoast SEO plugin. -->","yoast_head_json":{"title":"Bild R\u00f6mischer Soldat - Gegenstrom","robots":{"index":"index","follow":"follow","max-snippet":"max-snippet:-1","max-image-preview":"max-image-preview:large","max-video-preview":"max-video-preview:-1"},"canonical":"https:\/\/gegenstrom.org\/en\/shop\/kunst\/bild-roemischer-soldat\/","og_locale":"en_US","og_type":"article","og_title":"Bild R\u00f6mischer Soldat - Gegenstrom","og_description":"Kunstdruck R\u00f6mischer Soldat A3","og_url":"https:\/\/gegenstrom.org\/en\/shop\/kunst\/bild-roemischer-soldat\/","og_site_name":"Gegenstrom","article_publisher":"https:\/\/de-de.facebook.com\/rechteMetapolitik\/","article_modified_time":"2025-10-19T18:58:44+00:00","og_image":[{"width":1000,"height":1000,"url":"https:\/\/gegenstrom.org\/wp-content\/uploads\/2020\/03\/Poster-R\u00f6mischer-Soldat-Produktbild.jpg","type":"image\/jpeg"}],"twitter_card":"summary_large_image","twitter_misc":{"Est. reading time":"1 minute"},"schema":{"@context":"https:\/\/schema.org","@graph":[{"@type":"WebPage","@id":"https:\/\/gegenstrom.org\/shop\/kunst\/bild-roemischer-soldat\/","url":"https:\/\/gegenstrom.org\/shop\/kunst\/bild-roemischer-soldat\/","name":"Bild R\u00f6mischer Soldat - Gegenstrom","isPartOf":{"@id":"https:\/\/gegenstrom.org\/#website"},"primaryImageOfPage":{"@id":"https:\/\/gegenstrom.org\/shop\/kunst\/bild-roemischer-soldat\/#primaryimage"},"image":{"@id":"https:\/\/gegenstrom.org\/shop\/kunst\/bild-roemischer-soldat\/#primaryimage"},"thumbnailUrl":"https:\/\/gegenstrom.org\/wp-content\/uploads\/2020\/03\/Poster-R\u00f6mischer-Soldat-Produktbild.jpg","datePublished":"2020-05-04T10:17:40+00:00","dateModified":"2025-10-19T18:58:44+00:00","breadcrumb":{"@id":"https:\/\/gegenstrom.org\/shop\/kunst\/bild-roemischer-soldat\/#breadcrumb"},"inLanguage":"en-US","potentialAction":[{"@type":"ReadAction","target":["https:\/\/gegenstrom.org\/shop\/kunst\/bild-roemischer-soldat\/"]}]},{"@type":"ImageObject","inLanguage":"en-US","@id":"https:\/\/gegenstrom.org\/shop\/kunst\/bild-roemischer-soldat\/#primaryimage","url":"https:\/\/gegenstrom.org\/wp-content\/uploads\/2020\/03\/Poster-R\u00f6mischer-Soldat-Produktbild.jpg","contentUrl":"https:\/\/gegenstrom.org\/wp-content\/uploads\/2020\/03\/Poster-R\u00f6mischer-Soldat-Produktbild.jpg","width":1000,"height":1000},{"@type":"BreadcrumbList","@id":"https:\/\/gegenstrom.org\/shop\/kunst\/bild-roemischer-soldat\/#breadcrumb","itemListElement":[{"@type":"ListItem","position":1,"name":"Startseite","item":"https:\/\/gegenstrom.org\/"},{"@type":"ListItem","position":2,"name":"Shop","item":"https:\/\/gegenstrom.org\/shop\/"},{"@type":"ListItem","position":3,"name":"Bild R\u00f6mischer Soldat"}]},{"@type":"WebSite","@id":"https:\/\/gegenstrom.org\/#website","url":"https:\/\/gegenstrom.org\/","name":"Gegenstrom","description":"Plattform f\u00fcr rechte Metapolitik","publisher":{"@id":"https:\/\/gegenstrom.org\/#organization"},"potentialAction":[{"@type":"SearchAction","target":{"@type":"EntryPoint","urlTemplate":"https:\/\/gegenstrom.org\/?s={search_term_string}"},"query-input":{"@type":"PropertyValueSpecification","valueRequired":true,"valueName":"search_term_string"}}],"inLanguage":"en-US"},{"@type":"Organization","@id":"https:\/\/gegenstrom.org\/#organization","name":"Metapol Verlag & Medien","url":"https:\/\/gegenstrom.org\/","logo":{"@type":"ImageObject","inLanguage":"en-US","@id":"https:\/\/gegenstrom.org\/#\/schema\/logo\/image\/","url":"https:\/\/gegenstrom.org\/wp-content\/uploads\/2019\/11\/WMB_Senkrecht_Farbe_M-e1574681161133.png","contentUrl":"https:\/\/gegenstrom.org\/wp-content\/uploads\/2019\/11\/WMB_Senkrecht_Farbe_M-e1574681161133.png","width":300,"height":219,"caption":"Metapol Verlag & Medien"},"image":{"@id":"https:\/\/gegenstrom.org\/#\/schema\/logo\/image\/"},"sameAs":["https:\/\/de-de.facebook.com\/rechteMetapolitik\/","https:\/\/www.youtube.com\/channel\/UCvQizs-yQ8YapMiyuD6wDrw"]}]}},"jetpack_sharing_enabled":true,"_links":{"self":[{"href":"https:\/\/gegenstrom.org\/en\/wp-json\/wp\/v2\/product\/6885","targetHints":{"allow":["GET"]}}],"collection":[{"href":"https:\/\/gegenstrom.org\/en\/wp-json\/wp\/v2\/product"}],"about":[{"href":"https:\/\/gegenstrom.org\/en\/wp-json\/wp\/v2\/types\/product"}],"wp:featuredmedia":[{"embeddable":true,"href":"https:\/\/gegenstrom.org\/en\/wp-json\/wp\/v2\/media\/6503"}],"wp:attachment":[{"href":"https:\/\/gegenstrom.org\/en\/wp-json\/wp\/v2\/media?parent=6885"}],"wp:term":[{"taxonomy":"product_brand","embeddable":true,"href":"https:\/\/gegenstrom.org\/en\/wp-json\/wp\/v2\/product_brand?post=6885"},{"taxonomy":"product_cat","embeddable":true,"href":"https:\/\/gegenstrom.org\/en\/wp-json\/wp\/v2\/product_cat?post=6885"},{"taxonomy":"product_tag","embeddable":true,"href":"https:\/\/gegenstrom.org\/en\/wp-json\/wp\/v2\/product_tag?post=6885"}],"curies":[{"name":"wp","href":"https:\/\/api.w.org\/{rel}","templated":true}]}}