{"id":6879,"date":"2020-05-04T11:30:10","date_gmt":"2020-05-04T09:30:10","guid":{"rendered":"https:\/\/gegenstrom.org\/?post_type=product&#038;p=6879"},"modified":"2026-02-14T18:25:45","modified_gmt":"2026-02-14T17:25:45","slug":"bild-der-raecher","status":"publish","type":"product","link":"https:\/\/gegenstrom.org\/en\/shop\/kunst\/bild-der-raecher\/","title":{"rendered":"Bild Der R\u00e4cher"},"content":{"rendered":"<p>In Brekers Epoche setzte in ganz Europa eine erneute Wiederentdeckung der Antike und mit ihr neoklassizistische Tendenzen ein. Brekers monumentale und mitunter gewaltigen Reliefs lassen den Betrachter fassungslos zur\u00fcck. Sie sind der Eingang in eine Licht preisende, Schatten ben\u00f6tigende Sph\u00e4re, die man nur staunend betreten kann. Wer sich dem Schaffen vorurteilsfrei n\u00e4hert, wird mit der \u00fcberw\u00e4ltigenden Inspiration belohnt, die diesen Werken innewohnt. Der R\u00e4cher ist eines dieser einzigartigen Reliefs.<\/p>\n<p>Der R\u00e4cher kommt als hochwertiger Kunstdruck auf Karton im A3-Format.<\/p>","protected":false},"excerpt":{"rendered":"<p>In Brekers Epoche setzte in ganz Europa eine erneute Wiederentdeckung der Antike und mit ihr neoklassizistische Tendenzen ein. Brekers monumentale und mitunter gewaltigen Reliefs lassen den Betrachter fassungslos zur\u00fcck. Sie sind der Eingang in eine Licht preisende, Schatten ben\u00f6tigende Sph\u00e4re, die man nur staunend betreten kann. Wer sich dem Schaffen vorurteilsfrei n\u00e4hert, wird mit der [&hellip;]<\/p>","protected":false},"featured_media":6641,"template":"","meta":{"_et_pb_use_builder":"","_et_pb_old_content":"","_et_gb_content_width":""},"product_brand":[],"product_cat":[1263],"product_tag":[],"class_list":{"0":"post-6879","1":"product","2":"type-product","3":"status-publish","4":"has-post-thumbnail","6":"product_cat-kunst","8":"first","9":"instock","10":"taxable","11":"shipping-taxable","12":"purchasable","13":"product-type-simple"},"yoast_head":"<!-- This site is optimized with the Yoast SEO plugin v26.2 - https:\/\/yoast.com\/wordpress\/plugins\/seo\/ -->\n<title>Bild Der R\u00e4cher - Gegenstrom<\/title>\n<meta name=\"robots\" content=\"index, follow, max-snippet:-1, max-image-preview:large, max-video-preview:-1\" \/>\n<link rel=\"canonical\" href=\"https:\/\/gegenstrom.org\/en\/shop\/kunst\/bild-der-raecher\/\" \/>\n<meta property=\"og:locale\" content=\"en_US\" \/>\n<meta property=\"og:type\" content=\"article\" \/>\n<meta property=\"og:title\" content=\"Bild Der R\u00e4cher - Gegenstrom\" \/>\n<meta property=\"og:description\" content=\"In Brekers Epoche setzte in ganz Europa eine erneute Wiederentdeckung der Antike und mit ihr neoklassizistische Tendenzen ein. Brekers monumentale und mitunter gewaltigen Reliefs lassen den Betrachter fassungslos zur\u00fcck. Sie sind der Eingang in eine Licht preisende, Schatten ben\u00f6tigende Sph\u00e4re, die man nur staunend betreten kann. Wer sich dem Schaffen vorurteilsfrei n\u00e4hert, wird mit der [&hellip;]\" \/>\n<meta property=\"og:url\" content=\"https:\/\/gegenstrom.org\/en\/shop\/kunst\/bild-der-raecher\/\" \/>\n<meta property=\"og:site_name\" content=\"Gegenstrom\" \/>\n<meta property=\"article:publisher\" content=\"https:\/\/de-de.facebook.com\/rechteMetapolitik\/\" \/>\n<meta property=\"article:modified_time\" content=\"2026-02-14T17:25:45+00:00\" \/>\n<meta property=\"og:image\" content=\"https:\/\/gegenstrom.org\/wp-content\/uploads\/2020\/03\/Poster-Ra\u0308cher-Produktbild.jpg\" \/>\n\t<meta property=\"og:image:width\" content=\"1000\" \/>\n\t<meta property=\"og:image:height\" content=\"1000\" \/>\n\t<meta property=\"og:image:type\" content=\"image\/jpeg\" \/>\n<meta name=\"twitter:card\" content=\"summary_large_image\" \/>\n<script type=\"application\/ld+json\" class=\"yoast-schema-graph\">{\"@context\":\"https:\/\/schema.org\",\"@graph\":[{\"@type\":\"WebPage\",\"@id\":\"https:\/\/gegenstrom.org\/shop\/kunst\/bild-der-raecher\/\",\"url\":\"https:\/\/gegenstrom.org\/shop\/kunst\/bild-der-raecher\/\",\"name\":\"Bild Der R\u00e4cher - Gegenstrom\",\"isPartOf\":{\"@id\":\"https:\/\/gegenstrom.org\/#website\"},\"primaryImageOfPage\":{\"@id\":\"https:\/\/gegenstrom.org\/shop\/kunst\/bild-der-raecher\/#primaryimage\"},\"image\":{\"@id\":\"https:\/\/gegenstrom.org\/shop\/kunst\/bild-der-raecher\/#primaryimage\"},\"thumbnailUrl\":\"https:\/\/gegenstrom.org\/wp-content\/uploads\/2020\/03\/Poster-Ra\u0308cher-Produktbild.jpg\",\"datePublished\":\"2020-05-04T09:30:10+00:00\",\"dateModified\":\"2026-02-14T17:25:45+00:00\",\"breadcrumb\":{\"@id\":\"https:\/\/gegenstrom.org\/shop\/kunst\/bild-der-raecher\/#breadcrumb\"},\"inLanguage\":\"en-US\",\"potentialAction\":[{\"@type\":\"ReadAction\",\"target\":[\"https:\/\/gegenstrom.org\/shop\/kunst\/bild-der-raecher\/\"]}]},{\"@type\":\"ImageObject\",\"inLanguage\":\"en-US\",\"@id\":\"https:\/\/gegenstrom.org\/shop\/kunst\/bild-der-raecher\/#primaryimage\",\"url\":\"https:\/\/gegenstrom.org\/wp-content\/uploads\/2020\/03\/Poster-Ra\u0308cher-Produktbild.jpg\",\"contentUrl\":\"https:\/\/gegenstrom.org\/wp-content\/uploads\/2020\/03\/Poster-Ra\u0308cher-Produktbild.jpg\",\"width\":1000,\"height\":1000},{\"@type\":\"BreadcrumbList\",\"@id\":\"https:\/\/gegenstrom.org\/shop\/kunst\/bild-der-raecher\/#breadcrumb\",\"itemListElement\":[{\"@type\":\"ListItem\",\"position\":1,\"name\":\"Startseite\",\"item\":\"https:\/\/gegenstrom.org\/\"},{\"@type\":\"ListItem\",\"position\":2,\"name\":\"Shop\",\"item\":\"https:\/\/gegenstrom.org\/shop\/\"},{\"@type\":\"ListItem\",\"position\":3,\"name\":\"Bild Der R\u00e4cher\"}]},{\"@type\":\"WebSite\",\"@id\":\"https:\/\/gegenstrom.org\/#website\",\"url\":\"https:\/\/gegenstrom.org\/\",\"name\":\"Gegenstrom\",\"description\":\"Plattform f\u00fcr rechte Metapolitik\",\"publisher\":{\"@id\":\"https:\/\/gegenstrom.org\/#organization\"},\"potentialAction\":[{\"@type\":\"SearchAction\",\"target\":{\"@type\":\"EntryPoint\",\"urlTemplate\":\"https:\/\/gegenstrom.org\/?s={search_term_string}\"},\"query-input\":{\"@type\":\"PropertyValueSpecification\",\"valueRequired\":true,\"valueName\":\"search_term_string\"}}],\"inLanguage\":\"en-US\"},{\"@type\":\"Organization\",\"@id\":\"https:\/\/gegenstrom.org\/#organization\",\"name\":\"Metapol Verlag & Medien\",\"url\":\"https:\/\/gegenstrom.org\/\",\"logo\":{\"@type\":\"ImageObject\",\"inLanguage\":\"en-US\",\"@id\":\"https:\/\/gegenstrom.org\/#\/schema\/logo\/image\/\",\"url\":\"https:\/\/gegenstrom.org\/wp-content\/uploads\/2019\/11\/WMB_Senkrecht_Farbe_M-e1574681161133.png\",\"contentUrl\":\"https:\/\/gegenstrom.org\/wp-content\/uploads\/2019\/11\/WMB_Senkrecht_Farbe_M-e1574681161133.png\",\"width\":300,\"height\":219,\"caption\":\"Metapol Verlag & Medien\"},\"image\":{\"@id\":\"https:\/\/gegenstrom.org\/#\/schema\/logo\/image\/\"},\"sameAs\":[\"https:\/\/de-de.facebook.com\/rechteMetapolitik\/\",\"https:\/\/www.youtube.com\/channel\/UCvQizs-yQ8YapMiyuD6wDrw\"]}]}<\/script>\n<!-- \/ Yoast SEO plugin. -->","yoast_head_json":{"title":"Bild Der R\u00e4cher - Gegenstrom","robots":{"index":"index","follow":"follow","max-snippet":"max-snippet:-1","max-image-preview":"max-image-preview:large","max-video-preview":"max-video-preview:-1"},"canonical":"https:\/\/gegenstrom.org\/en\/shop\/kunst\/bild-der-raecher\/","og_locale":"en_US","og_type":"article","og_title":"Bild Der R\u00e4cher - Gegenstrom","og_description":"In Brekers Epoche setzte in ganz Europa eine erneute Wiederentdeckung der Antike und mit ihr neoklassizistische Tendenzen ein. Brekers monumentale und mitunter gewaltigen Reliefs lassen den Betrachter fassungslos zur\u00fcck. Sie sind der Eingang in eine Licht preisende, Schatten ben\u00f6tigende Sph\u00e4re, die man nur staunend betreten kann. Wer sich dem Schaffen vorurteilsfrei n\u00e4hert, wird mit der [&hellip;]","og_url":"https:\/\/gegenstrom.org\/en\/shop\/kunst\/bild-der-raecher\/","og_site_name":"Gegenstrom","article_publisher":"https:\/\/de-de.facebook.com\/rechteMetapolitik\/","article_modified_time":"2026-02-14T17:25:45+00:00","og_image":[{"width":1000,"height":1000,"url":"https:\/\/gegenstrom.org\/wp-content\/uploads\/2020\/03\/Poster-Ra\u0308cher-Produktbild.jpg","type":"image\/jpeg"}],"twitter_card":"summary_large_image","schema":{"@context":"https:\/\/schema.org","@graph":[{"@type":"WebPage","@id":"https:\/\/gegenstrom.org\/shop\/kunst\/bild-der-raecher\/","url":"https:\/\/gegenstrom.org\/shop\/kunst\/bild-der-raecher\/","name":"Bild Der R\u00e4cher - Gegenstrom","isPartOf":{"@id":"https:\/\/gegenstrom.org\/#website"},"primaryImageOfPage":{"@id":"https:\/\/gegenstrom.org\/shop\/kunst\/bild-der-raecher\/#primaryimage"},"image":{"@id":"https:\/\/gegenstrom.org\/shop\/kunst\/bild-der-raecher\/#primaryimage"},"thumbnailUrl":"https:\/\/gegenstrom.org\/wp-content\/uploads\/2020\/03\/Poster-Ra\u0308cher-Produktbild.jpg","datePublished":"2020-05-04T09:30:10+00:00","dateModified":"2026-02-14T17:25:45+00:00","breadcrumb":{"@id":"https:\/\/gegenstrom.org\/shop\/kunst\/bild-der-raecher\/#breadcrumb"},"inLanguage":"en-US","potentialAction":[{"@type":"ReadAction","target":["https:\/\/gegenstrom.org\/shop\/kunst\/bild-der-raecher\/"]}]},{"@type":"ImageObject","inLanguage":"en-US","@id":"https:\/\/gegenstrom.org\/shop\/kunst\/bild-der-raecher\/#primaryimage","url":"https:\/\/gegenstrom.org\/wp-content\/uploads\/2020\/03\/Poster-Ra\u0308cher-Produktbild.jpg","contentUrl":"https:\/\/gegenstrom.org\/wp-content\/uploads\/2020\/03\/Poster-Ra\u0308cher-Produktbild.jpg","width":1000,"height":1000},{"@type":"BreadcrumbList","@id":"https:\/\/gegenstrom.org\/shop\/kunst\/bild-der-raecher\/#breadcrumb","itemListElement":[{"@type":"ListItem","position":1,"name":"Startseite","item":"https:\/\/gegenstrom.org\/"},{"@type":"ListItem","position":2,"name":"Shop","item":"https:\/\/gegenstrom.org\/shop\/"},{"@type":"ListItem","position":3,"name":"Bild Der R\u00e4cher"}]},{"@type":"WebSite","@id":"https:\/\/gegenstrom.org\/#website","url":"https:\/\/gegenstrom.org\/","name":"Gegenstrom","description":"Plattform f\u00fcr rechte Metapolitik","publisher":{"@id":"https:\/\/gegenstrom.org\/#organization"},"potentialAction":[{"@type":"SearchAction","target":{"@type":"EntryPoint","urlTemplate":"https:\/\/gegenstrom.org\/?s={search_term_string}"},"query-input":{"@type":"PropertyValueSpecification","valueRequired":true,"valueName":"search_term_string"}}],"inLanguage":"en-US"},{"@type":"Organization","@id":"https:\/\/gegenstrom.org\/#organization","name":"Metapol Verlag & Medien","url":"https:\/\/gegenstrom.org\/","logo":{"@type":"ImageObject","inLanguage":"en-US","@id":"https:\/\/gegenstrom.org\/#\/schema\/logo\/image\/","url":"https:\/\/gegenstrom.org\/wp-content\/uploads\/2019\/11\/WMB_Senkrecht_Farbe_M-e1574681161133.png","contentUrl":"https:\/\/gegenstrom.org\/wp-content\/uploads\/2019\/11\/WMB_Senkrecht_Farbe_M-e1574681161133.png","width":300,"height":219,"caption":"Metapol Verlag & Medien"},"image":{"@id":"https:\/\/gegenstrom.org\/#\/schema\/logo\/image\/"},"sameAs":["https:\/\/de-de.facebook.com\/rechteMetapolitik\/","https:\/\/www.youtube.com\/channel\/UCvQizs-yQ8YapMiyuD6wDrw"]}]}},"jetpack_sharing_enabled":true,"_links":{"self":[{"href":"https:\/\/gegenstrom.org\/en\/wp-json\/wp\/v2\/product\/6879","targetHints":{"allow":["GET"]}}],"collection":[{"href":"https:\/\/gegenstrom.org\/en\/wp-json\/wp\/v2\/product"}],"about":[{"href":"https:\/\/gegenstrom.org\/en\/wp-json\/wp\/v2\/types\/product"}],"wp:featuredmedia":[{"embeddable":true,"href":"https:\/\/gegenstrom.org\/en\/wp-json\/wp\/v2\/media\/6641"}],"wp:attachment":[{"href":"https:\/\/gegenstrom.org\/en\/wp-json\/wp\/v2\/media?parent=6879"}],"wp:term":[{"taxonomy":"product_brand","embeddable":true,"href":"https:\/\/gegenstrom.org\/en\/wp-json\/wp\/v2\/product_brand?post=6879"},{"taxonomy":"product_cat","embeddable":true,"href":"https:\/\/gegenstrom.org\/en\/wp-json\/wp\/v2\/product_cat?post=6879"},{"taxonomy":"product_tag","embeddable":true,"href":"https:\/\/gegenstrom.org\/en\/wp-json\/wp\/v2\/product_tag?post=6879"}],"curies":[{"name":"wp","href":"https:\/\/api.w.org\/{rel}","templated":true}]}}