{"id":1534,"date":"2019-01-31T11:44:57","date_gmt":"2019-01-31T10:44:57","guid":{"rendered":"https:\/\/gegenstrom.org\/?post_type=product&#038;p=1534"},"modified":"2021-12-03T18:51:17","modified_gmt":"2021-12-03T17:51:17","slug":"aristokratie-eine-streitschrift","status":"publish","type":"product","link":"https:\/\/gegenstrom.org\/en\/shop\/buecher\/philosophie\/aristokratie-eine-streitschrift\/","title":{"rendered":"Aristokratie. Eine Streitschrift"},"content":{"rendered":"<p><span style=\"font-size: 14pt;\">Gesellschaftsformen, die ihren Zenit \u00fcberschritten haben und die Menschen nicht mehr aus sich selbst heraus \u00fcberzeugen k\u00f6nnen, erkennt man daran, dass sie repressiver, alternativloser und regulativer daherkommen. Sie haben ihren Charme verloren, und der eigentliche Zweck jeder Form von Herrschaft, die Machterhaltung der sie tragenden Klasse, tritt deutlicher und ungeschminkter in den Vordergrund.<\/span><\/p>\n<p><span style=\"font-size: 14pt;\">Der Liberalismus gilt dieser Tage als besonders \u00bbalternativlos\u00ab. Doch gibt es wirklich keine Alternativen zur \u00bbHerrschaft der Massen\u00ab? Wolfgang Bendel ist auf die Suche gegangen \u2013 und wurde f\u00fcndig. Er attestiert dem westlichen Liberalismus, seine Dekadenzphase l\u00e4ngst erreicht zu haben, und wagt sodann den k\u00fchnen Versuch, eine denkbare Alternative aufzuzeigen: die Aristokratie.<\/span><\/p>\n<p><span style=\"font-size: 14pt;\">In seiner erfrischend flott geschriebenen, gewagten Streitschrift ist sich Wolfgang Bendel mit Gabriel Matzneff einig: \u00bbIm Osten wie im Westen von unterschiedlichen, aber gleich hassenswerten Spielarten des Herdenlebens bedroht, hat die europ\u00e4ische Zivilisation eine Aristokratie niemals n\u00f6tiger gehabt als heute.\u00ab<\/span><\/p>\n<p><span style=\"font-size: 14pt;\"><em>Mit einem Epilog von Alain de Benoist.<\/em><\/span><\/p>","protected":false},"excerpt":{"rendered":"<p><span style=\"font-size: 14pt;\">Der Liberalismus gilt dieser Tage als besonders \u00bbalternativlos\u00ab. Doch gibt es wirklich keine Alternativen zur \u00bbHerrschaft der Massen\u00ab? Wolfgang Bendel ist auf die Suche gegangen \u2013 und wurde f\u00fcndig. Er attestiert dem westlichen Liberalismus, seine Dekadenzphase l\u00e4ngst erreicht zu haben, und wagt sodann den k\u00fchnen Versuch, eine denkbare Alternative aufzuzeigen: die Aristokratie.<\/span><\/p>","protected":false},"featured_media":4267,"template":"","meta":{"_et_pb_use_builder":"","_et_pb_old_content":"","_et_gb_content_width":""},"product_brand":[],"product_cat":[375,376],"product_tag":[433,436,435,434,432],"class_list":{"0":"post-1534","1":"product","2":"type-product","3":"status-publish","4":"has-post-thumbnail","6":"product_cat-buecher","7":"product_cat-philosophie","8":"product_tag-aristokratie","9":"product_tag-buergertum","10":"product_tag-demokratismus","11":"product_tag-emokratie","12":"product_tag-wolfgang-bendel","14":"first","15":"outofstock","16":"taxable","17":"shipping-taxable","18":"purchasable","19":"product-type-simple"},"yoast_head":"<!-- This site is optimized with the Yoast SEO plugin v26.2 - https:\/\/yoast.com\/wordpress\/plugins\/seo\/ -->\n<title>Aristokratie. Eine Streitschrift - Gegenstrom<\/title>\n<meta name=\"robots\" content=\"index, follow, max-snippet:-1, max-image-preview:large, max-video-preview:-1\" \/>\n<link rel=\"canonical\" href=\"https:\/\/gegenstrom.org\/en\/shop\/buecher\/philosophie\/aristokratie-eine-streitschrift\/\" \/>\n<meta property=\"og:locale\" content=\"en_US\" \/>\n<meta property=\"og:type\" content=\"article\" \/>\n<meta property=\"og:title\" content=\"Aristokratie. Eine Streitschrift - Gegenstrom\" \/>\n<meta property=\"og:description\" content=\"Der Liberalismus gilt dieser Tage als besonders \u00bbalternativlos\u00ab. Doch gibt es wirklich keine Alternativen zur \u00bbHerrschaft der Massen\u00ab? Wolfgang Bendel ist auf die Suche gegangen \u2013 und wurde f\u00fcndig. Er attestiert dem westlichen Liberalismus, seine Dekadenzphase l\u00e4ngst erreicht zu haben, und wagt sodann den k\u00fchnen Versuch, eine denkbare Alternative aufzuzeigen: die Aristokratie.\" \/>\n<meta property=\"og:url\" content=\"https:\/\/gegenstrom.org\/en\/shop\/buecher\/philosophie\/aristokratie-eine-streitschrift\/\" \/>\n<meta property=\"og:site_name\" content=\"Gegenstrom\" \/>\n<meta property=\"article:publisher\" content=\"https:\/\/de-de.facebook.com\/rechteMetapolitik\/\" \/>\n<meta property=\"article:modified_time\" content=\"2021-12-03T17:51:17+00:00\" \/>\n<meta property=\"og:image\" content=\"https:\/\/gegenstrom.org\/wp-content\/uploads\/2019\/01\/Umschlag-Aristokratie-1.jpg\" \/>\n\t<meta property=\"og:image:width\" content=\"2083\" \/>\n\t<meta property=\"og:image:height\" content=\"2083\" \/>\n\t<meta property=\"og:image:type\" content=\"image\/jpeg\" \/>\n<meta name=\"twitter:card\" content=\"summary_large_image\" \/>\n<meta name=\"twitter:label1\" content=\"Est. reading time\" \/>\n\t<meta name=\"twitter:data1\" content=\"1 minute\" \/>\n<script type=\"application\/ld+json\" class=\"yoast-schema-graph\">{\"@context\":\"https:\/\/schema.org\",\"@graph\":[{\"@type\":\"WebPage\",\"@id\":\"https:\/\/gegenstrom.org\/shop\/buecher\/philosophie\/aristokratie-eine-streitschrift\/\",\"url\":\"https:\/\/gegenstrom.org\/shop\/buecher\/philosophie\/aristokratie-eine-streitschrift\/\",\"name\":\"Aristokratie. Eine Streitschrift - Gegenstrom\",\"isPartOf\":{\"@id\":\"https:\/\/gegenstrom.org\/#website\"},\"primaryImageOfPage\":{\"@id\":\"https:\/\/gegenstrom.org\/shop\/buecher\/philosophie\/aristokratie-eine-streitschrift\/#primaryimage\"},\"image\":{\"@id\":\"https:\/\/gegenstrom.org\/shop\/buecher\/philosophie\/aristokratie-eine-streitschrift\/#primaryimage\"},\"thumbnailUrl\":\"https:\/\/gegenstrom.org\/wp-content\/uploads\/2019\/01\/Umschlag-Aristokratie-1.jpg\",\"datePublished\":\"2019-01-31T10:44:57+00:00\",\"dateModified\":\"2021-12-03T17:51:17+00:00\",\"breadcrumb\":{\"@id\":\"https:\/\/gegenstrom.org\/shop\/buecher\/philosophie\/aristokratie-eine-streitschrift\/#breadcrumb\"},\"inLanguage\":\"en-US\",\"potentialAction\":[{\"@type\":\"ReadAction\",\"target\":[\"https:\/\/gegenstrom.org\/shop\/buecher\/philosophie\/aristokratie-eine-streitschrift\/\"]}]},{\"@type\":\"ImageObject\",\"inLanguage\":\"en-US\",\"@id\":\"https:\/\/gegenstrom.org\/shop\/buecher\/philosophie\/aristokratie-eine-streitschrift\/#primaryimage\",\"url\":\"https:\/\/gegenstrom.org\/wp-content\/uploads\/2019\/01\/Umschlag-Aristokratie-1.jpg\",\"contentUrl\":\"https:\/\/gegenstrom.org\/wp-content\/uploads\/2019\/01\/Umschlag-Aristokratie-1.jpg\",\"width\":2083,\"height\":2083,\"caption\":\"Umschlag Aristokratie\"},{\"@type\":\"BreadcrumbList\",\"@id\":\"https:\/\/gegenstrom.org\/shop\/buecher\/philosophie\/aristokratie-eine-streitschrift\/#breadcrumb\",\"itemListElement\":[{\"@type\":\"ListItem\",\"position\":1,\"name\":\"Startseite\",\"item\":\"https:\/\/gegenstrom.org\/\"},{\"@type\":\"ListItem\",\"position\":2,\"name\":\"Shop\",\"item\":\"https:\/\/gegenstrom.org\/shop\/\"},{\"@type\":\"ListItem\",\"position\":3,\"name\":\"Aristokratie. Eine Streitschrift\"}]},{\"@type\":\"WebSite\",\"@id\":\"https:\/\/gegenstrom.org\/#website\",\"url\":\"https:\/\/gegenstrom.org\/\",\"name\":\"Gegenstrom\",\"description\":\"Plattform f\u00fcr rechte Metapolitik\",\"publisher\":{\"@id\":\"https:\/\/gegenstrom.org\/#organization\"},\"potentialAction\":[{\"@type\":\"SearchAction\",\"target\":{\"@type\":\"EntryPoint\",\"urlTemplate\":\"https:\/\/gegenstrom.org\/?s={search_term_string}\"},\"query-input\":{\"@type\":\"PropertyValueSpecification\",\"valueRequired\":true,\"valueName\":\"search_term_string\"}}],\"inLanguage\":\"en-US\"},{\"@type\":\"Organization\",\"@id\":\"https:\/\/gegenstrom.org\/#organization\",\"name\":\"Metapol Verlag & Medien\",\"url\":\"https:\/\/gegenstrom.org\/\",\"logo\":{\"@type\":\"ImageObject\",\"inLanguage\":\"en-US\",\"@id\":\"https:\/\/gegenstrom.org\/#\/schema\/logo\/image\/\",\"url\":\"https:\/\/gegenstrom.org\/wp-content\/uploads\/2019\/11\/WMB_Senkrecht_Farbe_M-e1574681161133.png\",\"contentUrl\":\"https:\/\/gegenstrom.org\/wp-content\/uploads\/2019\/11\/WMB_Senkrecht_Farbe_M-e1574681161133.png\",\"width\":300,\"height\":219,\"caption\":\"Metapol Verlag & Medien\"},\"image\":{\"@id\":\"https:\/\/gegenstrom.org\/#\/schema\/logo\/image\/\"},\"sameAs\":[\"https:\/\/de-de.facebook.com\/rechteMetapolitik\/\",\"https:\/\/www.youtube.com\/channel\/UCvQizs-yQ8YapMiyuD6wDrw\"]}]}<\/script>\n<!-- \/ Yoast SEO plugin. -->","yoast_head_json":{"title":"Aristokratie. Eine Streitschrift - Gegenstrom","robots":{"index":"index","follow":"follow","max-snippet":"max-snippet:-1","max-image-preview":"max-image-preview:large","max-video-preview":"max-video-preview:-1"},"canonical":"https:\/\/gegenstrom.org\/en\/shop\/buecher\/philosophie\/aristokratie-eine-streitschrift\/","og_locale":"en_US","og_type":"article","og_title":"Aristokratie. Eine Streitschrift - Gegenstrom","og_description":"Der Liberalismus gilt dieser Tage als besonders \u00bbalternativlos\u00ab. Doch gibt es wirklich keine Alternativen zur \u00bbHerrschaft der Massen\u00ab? Wolfgang Bendel ist auf die Suche gegangen \u2013 und wurde f\u00fcndig. Er attestiert dem westlichen Liberalismus, seine Dekadenzphase l\u00e4ngst erreicht zu haben, und wagt sodann den k\u00fchnen Versuch, eine denkbare Alternative aufzuzeigen: die Aristokratie.","og_url":"https:\/\/gegenstrom.org\/en\/shop\/buecher\/philosophie\/aristokratie-eine-streitschrift\/","og_site_name":"Gegenstrom","article_publisher":"https:\/\/de-de.facebook.com\/rechteMetapolitik\/","article_modified_time":"2021-12-03T17:51:17+00:00","og_image":[{"width":2083,"height":2083,"url":"https:\/\/gegenstrom.org\/wp-content\/uploads\/2019\/01\/Umschlag-Aristokratie-1.jpg","type":"image\/jpeg"}],"twitter_card":"summary_large_image","twitter_misc":{"Est. reading time":"1 minute"},"schema":{"@context":"https:\/\/schema.org","@graph":[{"@type":"WebPage","@id":"https:\/\/gegenstrom.org\/shop\/buecher\/philosophie\/aristokratie-eine-streitschrift\/","url":"https:\/\/gegenstrom.org\/shop\/buecher\/philosophie\/aristokratie-eine-streitschrift\/","name":"Aristokratie. Eine Streitschrift - Gegenstrom","isPartOf":{"@id":"https:\/\/gegenstrom.org\/#website"},"primaryImageOfPage":{"@id":"https:\/\/gegenstrom.org\/shop\/buecher\/philosophie\/aristokratie-eine-streitschrift\/#primaryimage"},"image":{"@id":"https:\/\/gegenstrom.org\/shop\/buecher\/philosophie\/aristokratie-eine-streitschrift\/#primaryimage"},"thumbnailUrl":"https:\/\/gegenstrom.org\/wp-content\/uploads\/2019\/01\/Umschlag-Aristokratie-1.jpg","datePublished":"2019-01-31T10:44:57+00:00","dateModified":"2021-12-03T17:51:17+00:00","breadcrumb":{"@id":"https:\/\/gegenstrom.org\/shop\/buecher\/philosophie\/aristokratie-eine-streitschrift\/#breadcrumb"},"inLanguage":"en-US","potentialAction":[{"@type":"ReadAction","target":["https:\/\/gegenstrom.org\/shop\/buecher\/philosophie\/aristokratie-eine-streitschrift\/"]}]},{"@type":"ImageObject","inLanguage":"en-US","@id":"https:\/\/gegenstrom.org\/shop\/buecher\/philosophie\/aristokratie-eine-streitschrift\/#primaryimage","url":"https:\/\/gegenstrom.org\/wp-content\/uploads\/2019\/01\/Umschlag-Aristokratie-1.jpg","contentUrl":"https:\/\/gegenstrom.org\/wp-content\/uploads\/2019\/01\/Umschlag-Aristokratie-1.jpg","width":2083,"height":2083,"caption":"Umschlag Aristokratie"},{"@type":"BreadcrumbList","@id":"https:\/\/gegenstrom.org\/shop\/buecher\/philosophie\/aristokratie-eine-streitschrift\/#breadcrumb","itemListElement":[{"@type":"ListItem","position":1,"name":"Startseite","item":"https:\/\/gegenstrom.org\/"},{"@type":"ListItem","position":2,"name":"Shop","item":"https:\/\/gegenstrom.org\/shop\/"},{"@type":"ListItem","position":3,"name":"Aristokratie. Eine Streitschrift"}]},{"@type":"WebSite","@id":"https:\/\/gegenstrom.org\/#website","url":"https:\/\/gegenstrom.org\/","name":"Gegenstrom","description":"Plattform f\u00fcr rechte Metapolitik","publisher":{"@id":"https:\/\/gegenstrom.org\/#organization"},"potentialAction":[{"@type":"SearchAction","target":{"@type":"EntryPoint","urlTemplate":"https:\/\/gegenstrom.org\/?s={search_term_string}"},"query-input":{"@type":"PropertyValueSpecification","valueRequired":true,"valueName":"search_term_string"}}],"inLanguage":"en-US"},{"@type":"Organization","@id":"https:\/\/gegenstrom.org\/#organization","name":"Metapol Verlag & Medien","url":"https:\/\/gegenstrom.org\/","logo":{"@type":"ImageObject","inLanguage":"en-US","@id":"https:\/\/gegenstrom.org\/#\/schema\/logo\/image\/","url":"https:\/\/gegenstrom.org\/wp-content\/uploads\/2019\/11\/WMB_Senkrecht_Farbe_M-e1574681161133.png","contentUrl":"https:\/\/gegenstrom.org\/wp-content\/uploads\/2019\/11\/WMB_Senkrecht_Farbe_M-e1574681161133.png","width":300,"height":219,"caption":"Metapol Verlag & Medien"},"image":{"@id":"https:\/\/gegenstrom.org\/#\/schema\/logo\/image\/"},"sameAs":["https:\/\/de-de.facebook.com\/rechteMetapolitik\/","https:\/\/www.youtube.com\/channel\/UCvQizs-yQ8YapMiyuD6wDrw"]}]}},"jetpack_sharing_enabled":true,"_links":{"self":[{"href":"https:\/\/gegenstrom.org\/en\/wp-json\/wp\/v2\/product\/1534","targetHints":{"allow":["GET"]}}],"collection":[{"href":"https:\/\/gegenstrom.org\/en\/wp-json\/wp\/v2\/product"}],"about":[{"href":"https:\/\/gegenstrom.org\/en\/wp-json\/wp\/v2\/types\/product"}],"wp:featuredmedia":[{"embeddable":true,"href":"https:\/\/gegenstrom.org\/en\/wp-json\/wp\/v2\/media\/4267"}],"wp:attachment":[{"href":"https:\/\/gegenstrom.org\/en\/wp-json\/wp\/v2\/media?parent=1534"}],"wp:term":[{"taxonomy":"product_brand","embeddable":true,"href":"https:\/\/gegenstrom.org\/en\/wp-json\/wp\/v2\/product_brand?post=1534"},{"taxonomy":"product_cat","embeddable":true,"href":"https:\/\/gegenstrom.org\/en\/wp-json\/wp\/v2\/product_cat?post=1534"},{"taxonomy":"product_tag","embeddable":true,"href":"https:\/\/gegenstrom.org\/en\/wp-json\/wp\/v2\/product_tag?post=1534"}],"curies":[{"name":"wp","href":"https:\/\/api.w.org\/{rel}","templated":true}]}}