{"id":1417,"date":"2018-12-17T19:02:07","date_gmt":"2018-12-17T18:02:07","guid":{"rendered":"https:\/\/gegenstrom.org\/impressum-2\/"},"modified":"2020-10-08T17:46:10","modified_gmt":"2020-10-08T15:46:10","slug":"impressum-2","status":"publish","type":"page","link":"https:\/\/gegenstrom.org\/en\/impressum-2\/","title":{"rendered":"Imprint"},"content":{"rendered":"<p><strong>Address for return shipments:<\/strong><\/p>\n<p>Richard M\u00fcller<br \/>\nCaya Postbox 604127<br \/>\n11516 Berlin<\/p>\n<p><strong>Address for service:<\/strong><\/p>\n<p>Richard M\u00fcller<br \/>\nCaya Postbox 604127<br \/>\n11516 Berlin<\/p>\n<p><strong>E-Mail:<\/strong><\/p>\n<p>info(at)gegenstrom.org<\/p>\n<p><strong>Bank details:<\/strong><\/p>\n<p>Richard M\u00fcller<\/p>\n<p>Bankinstitut: Commerzbank<\/p>\n<p>IBAN: DE67 1604 0000 0673 0857 00<\/p>\n<p><strong>Tax number:<\/strong><\/p>\n<p>89 447 321 054<\/p>","protected":false},"excerpt":{"rendered":"<p>Anschrift f\u00fcr R\u00fccksendungen: Richard M\u00fcller Caya Postbox 604127 11516 Berlin Ladungsf\u00e4hige Anschrift: Richard M\u00fcller Caya Postbox 604127 11516 Berlin E-Mail: info(at)gegenstrom.org Bankverbindung: Richard M\u00fcller Bankinstitut: Commerzbank IBAN: DE67 1604 0000 0673 0857 00 Steuernummer: 89 447 321 054<\/p>","protected":false},"author":1,"featured_media":0,"parent":0,"menu_order":0,"comment_status":"closed","ping_status":"closed","template":"","meta":{"_et_pb_use_builder":"","_et_pb_old_content":"","_et_gb_content_width":"","footnotes":""},"class_list":["post-1417","page","type-page","status-publish","hentry"],"yoast_head":"<!-- This site is optimized with the Yoast SEO plugin v26.2 - https:\/\/yoast.com\/wordpress\/plugins\/seo\/ -->\n<title>Impressum - Gegenstrom<\/title>\n<meta name=\"robots\" content=\"index, follow, max-snippet:-1, max-image-preview:large, max-video-preview:-1\" \/>\n<link rel=\"canonical\" href=\"https:\/\/gegenstrom.org\/en\/impressum-2\/\" \/>\n<meta property=\"og:locale\" content=\"en_US\" \/>\n<meta property=\"og:type\" content=\"article\" \/>\n<meta property=\"og:title\" content=\"Impressum - Gegenstrom\" \/>\n<meta property=\"og:description\" content=\"Anschrift f\u00fcr R\u00fccksendungen: Richard M\u00fcller Caya Postbox 604127 11516 Berlin Ladungsf\u00e4hige Anschrift: Richard M\u00fcller Caya Postbox 604127 11516 Berlin E-Mail: info(at)gegenstrom.org Bankverbindung: Richard M\u00fcller Bankinstitut: Commerzbank IBAN: DE67 1604 0000 0673 0857 00 Steuernummer: 89 447 321 054\" \/>\n<meta property=\"og:url\" content=\"https:\/\/gegenstrom.org\/en\/impressum-2\/\" \/>\n<meta property=\"og:site_name\" content=\"Gegenstrom\" \/>\n<meta property=\"article:publisher\" content=\"https:\/\/de-de.facebook.com\/rechteMetapolitik\/\" \/>\n<meta property=\"article:modified_time\" content=\"2020-10-08T15:46:10+00:00\" \/>\n<meta name=\"twitter:card\" content=\"summary_large_image\" \/>\n<script type=\"application\/ld+json\" class=\"yoast-schema-graph\">{\"@context\":\"https:\/\/schema.org\",\"@graph\":[{\"@type\":\"WebPage\",\"@id\":\"https:\/\/gegenstrom.org\/impressum-2\/\",\"url\":\"https:\/\/gegenstrom.org\/impressum-2\/\",\"name\":\"Impressum - Gegenstrom\",\"isPartOf\":{\"@id\":\"https:\/\/gegenstrom.org\/#website\"},\"datePublished\":\"2018-12-17T18:02:07+00:00\",\"dateModified\":\"2020-10-08T15:46:10+00:00\",\"breadcrumb\":{\"@id\":\"https:\/\/gegenstrom.org\/impressum-2\/#breadcrumb\"},\"inLanguage\":\"en-US\",\"potentialAction\":[{\"@type\":\"ReadAction\",\"target\":[\"https:\/\/gegenstrom.org\/impressum-2\/\"]}]},{\"@type\":\"BreadcrumbList\",\"@id\":\"https:\/\/gegenstrom.org\/impressum-2\/#breadcrumb\",\"itemListElement\":[{\"@type\":\"ListItem\",\"position\":1,\"name\":\"Startseite\",\"item\":\"https:\/\/gegenstrom.org\/\"},{\"@type\":\"ListItem\",\"position\":2,\"name\":\"Impressum\"}]},{\"@type\":\"WebSite\",\"@id\":\"https:\/\/gegenstrom.org\/#website\",\"url\":\"https:\/\/gegenstrom.org\/\",\"name\":\"Gegenstrom\",\"description\":\"Plattform f\u00fcr rechte Metapolitik\",\"publisher\":{\"@id\":\"https:\/\/gegenstrom.org\/#organization\"},\"potentialAction\":[{\"@type\":\"SearchAction\",\"target\":{\"@type\":\"EntryPoint\",\"urlTemplate\":\"https:\/\/gegenstrom.org\/?s={search_term_string}\"},\"query-input\":{\"@type\":\"PropertyValueSpecification\",\"valueRequired\":true,\"valueName\":\"search_term_string\"}}],\"inLanguage\":\"en-US\"},{\"@type\":\"Organization\",\"@id\":\"https:\/\/gegenstrom.org\/#organization\",\"name\":\"Metapol Verlag & Medien\",\"url\":\"https:\/\/gegenstrom.org\/\",\"logo\":{\"@type\":\"ImageObject\",\"inLanguage\":\"en-US\",\"@id\":\"https:\/\/gegenstrom.org\/#\/schema\/logo\/image\/\",\"url\":\"https:\/\/gegenstrom.org\/wp-content\/uploads\/2019\/11\/WMB_Senkrecht_Farbe_M-e1574681161133.png\",\"contentUrl\":\"https:\/\/gegenstrom.org\/wp-content\/uploads\/2019\/11\/WMB_Senkrecht_Farbe_M-e1574681161133.png\",\"width\":300,\"height\":219,\"caption\":\"Metapol Verlag & Medien\"},\"image\":{\"@id\":\"https:\/\/gegenstrom.org\/#\/schema\/logo\/image\/\"},\"sameAs\":[\"https:\/\/de-de.facebook.com\/rechteMetapolitik\/\",\"https:\/\/www.youtube.com\/channel\/UCvQizs-yQ8YapMiyuD6wDrw\"]}]}<\/script>\n<!-- \/ Yoast SEO plugin. -->","yoast_head_json":{"title":"Impressum - Gegenstrom","robots":{"index":"index","follow":"follow","max-snippet":"max-snippet:-1","max-image-preview":"max-image-preview:large","max-video-preview":"max-video-preview:-1"},"canonical":"https:\/\/gegenstrom.org\/en\/impressum-2\/","og_locale":"en_US","og_type":"article","og_title":"Impressum - Gegenstrom","og_description":"Anschrift f\u00fcr R\u00fccksendungen: Richard M\u00fcller Caya Postbox 604127 11516 Berlin Ladungsf\u00e4hige Anschrift: Richard M\u00fcller Caya Postbox 604127 11516 Berlin E-Mail: info(at)gegenstrom.org Bankverbindung: Richard M\u00fcller Bankinstitut: Commerzbank IBAN: DE67 1604 0000 0673 0857 00 Steuernummer: 89 447 321 054","og_url":"https:\/\/gegenstrom.org\/en\/impressum-2\/","og_site_name":"Gegenstrom","article_publisher":"https:\/\/de-de.facebook.com\/rechteMetapolitik\/","article_modified_time":"2020-10-08T15:46:10+00:00","twitter_card":"summary_large_image","schema":{"@context":"https:\/\/schema.org","@graph":[{"@type":"WebPage","@id":"https:\/\/gegenstrom.org\/impressum-2\/","url":"https:\/\/gegenstrom.org\/impressum-2\/","name":"Impressum - Gegenstrom","isPartOf":{"@id":"https:\/\/gegenstrom.org\/#website"},"datePublished":"2018-12-17T18:02:07+00:00","dateModified":"2020-10-08T15:46:10+00:00","breadcrumb":{"@id":"https:\/\/gegenstrom.org\/impressum-2\/#breadcrumb"},"inLanguage":"en-US","potentialAction":[{"@type":"ReadAction","target":["https:\/\/gegenstrom.org\/impressum-2\/"]}]},{"@type":"BreadcrumbList","@id":"https:\/\/gegenstrom.org\/impressum-2\/#breadcrumb","itemListElement":[{"@type":"ListItem","position":1,"name":"Startseite","item":"https:\/\/gegenstrom.org\/"},{"@type":"ListItem","position":2,"name":"Impressum"}]},{"@type":"WebSite","@id":"https:\/\/gegenstrom.org\/#website","url":"https:\/\/gegenstrom.org\/","name":"Gegenstrom","description":"Plattform f\u00fcr rechte Metapolitik","publisher":{"@id":"https:\/\/gegenstrom.org\/#organization"},"potentialAction":[{"@type":"SearchAction","target":{"@type":"EntryPoint","urlTemplate":"https:\/\/gegenstrom.org\/?s={search_term_string}"},"query-input":{"@type":"PropertyValueSpecification","valueRequired":true,"valueName":"search_term_string"}}],"inLanguage":"en-US"},{"@type":"Organization","@id":"https:\/\/gegenstrom.org\/#organization","name":"Metapol Verlag & Medien","url":"https:\/\/gegenstrom.org\/","logo":{"@type":"ImageObject","inLanguage":"en-US","@id":"https:\/\/gegenstrom.org\/#\/schema\/logo\/image\/","url":"https:\/\/gegenstrom.org\/wp-content\/uploads\/2019\/11\/WMB_Senkrecht_Farbe_M-e1574681161133.png","contentUrl":"https:\/\/gegenstrom.org\/wp-content\/uploads\/2019\/11\/WMB_Senkrecht_Farbe_M-e1574681161133.png","width":300,"height":219,"caption":"Metapol Verlag & Medien"},"image":{"@id":"https:\/\/gegenstrom.org\/#\/schema\/logo\/image\/"},"sameAs":["https:\/\/de-de.facebook.com\/rechteMetapolitik\/","https:\/\/www.youtube.com\/channel\/UCvQizs-yQ8YapMiyuD6wDrw"]}]}},"jetpack_sharing_enabled":true,"_links":{"self":[{"href":"https:\/\/gegenstrom.org\/en\/wp-json\/wp\/v2\/pages\/1417","targetHints":{"allow":["GET"]}}],"collection":[{"href":"https:\/\/gegenstrom.org\/en\/wp-json\/wp\/v2\/pages"}],"about":[{"href":"https:\/\/gegenstrom.org\/en\/wp-json\/wp\/v2\/types\/page"}],"author":[{"embeddable":true,"href":"https:\/\/gegenstrom.org\/en\/wp-json\/wp\/v2\/users\/1"}],"replies":[{"embeddable":true,"href":"https:\/\/gegenstrom.org\/en\/wp-json\/wp\/v2\/comments?post=1417"}],"version-history":[{"count":0,"href":"https:\/\/gegenstrom.org\/en\/wp-json\/wp\/v2\/pages\/1417\/revisions"}],"wp:attachment":[{"href":"https:\/\/gegenstrom.org\/en\/wp-json\/wp\/v2\/media?parent=1417"}],"curies":[{"name":"wp","href":"https:\/\/api.w.org\/{rel}","templated":true}]}}