{"id":105,"date":"2016-09-27T19:35:47","date_gmt":"2016-09-27T19:35:47","guid":{"rendered":"https:\/\/gegenstrom.org\/?page_id=105"},"modified":"2024-04-08T15:17:42","modified_gmt":"2024-04-08T13:17:42","slug":"metapol","status":"publish","type":"page","link":"https:\/\/gegenstrom.org\/en\/metapol\/","title":{"rendered":"Metapol"},"content":{"rendered":"<p>[et_pb_section fb_built=&#8220;1&#8243; fullwidth=&#8220;on&#8220; disabled_on=&#8220;off|off|off&#8220; _builder_version=&#8220;4.16&#8243; global_colors_info=&#8220;{}&#8220;][et_pb_fullwidth_header title=&#8220;METAPOL &#8211; VERLAG &#038; MEDIEN&#8220; background_overlay_color=&#8220;rgba(0,0,0,0.39)&#8220; image_orientation=&#8220;bottom&#8220; title_tablet=&#8220;&#8220; title_phone=&#8220;METAPOL&#8220; title_last_edited=&#8220;on|phone&#8220; subhead_tablet=&#8220;&#8220; subhead_phone=&#8220;VERLAG &#038; MEDIEN&#8220; subhead_last_edited=&#8220;on|phone&#8220; content_max_width_phone=&#8220;90%&#8220; content_max_width_last_edited=&#8220;off|desktop&#8220; disabled_on=&#8220;off|off|off&#8220; _builder_version=&#8220;4.22.1&#8243; title_font=&#8220;UsersmarvinvogelsangDownloadsCD_Manual_METAPOLFontsRokkitt-Blackttf|700|||||||&#8220; title_text_align=&#8220;center&#8220; title_font_size=&#8220;70px&#8220; subhead_font=&#8220;UsersmarvinvogelsangDownloadsCD_Manual_METAPOLFontsRokkitt-Blackttf|700|||||||&#8220; subhead_text_align=&#8220;center&#8220; subhead_text_color=&#8220;#ffffff&#8220; background_color=&#8220;rgba(0,0,0,0)&#8220; background_image=&#8220;https:\/\/gegenstrom.org\/wp-content\/uploads\/2020\/04\/natalia-y-Oxl_KBNqxGA-unsplash-scaled.jpg&#8220; background_blend=&#8220;soft-light&#8220; height=&#8220;500px&#8220; height_tablet=&#8220;500px&#8220; height_phone=&#8220;250px&#8220; height_last_edited=&#8220;on|desktop&#8220; filter_brightness=&#8220;126%&#8220; filter_contrast=&#8220;93%&#8220; filter_opacity=&#8220;97%&#8220; title_font_size_tablet=&#8220;&#8220; title_font_size_phone=&#8220;40px&#8220; title_font_size_last_edited=&#8220;on|phone&#8220; subhead_font_size_tablet=&#8220;&#8220; subhead_font_size_phone=&#8220;22px&#8220; subhead_font_size_last_edited=&#8220;on|phone&#8220; custom_css_title=&#8220;text-align: center;||margin-top: 100px;&#8220; custom_css_subtitle=&#8220;margin-top: -10px;&#8220; global_colors_info=&#8220;{}&#8220; title_font_size__hover_enabled=&#8220;off|desktop&#8220;][\/et_pb_fullwidth_header][\/et_pb_section][et_pb_section fb_built=&#8220;1&#8243; _builder_version=&#8220;4.16&#8243; global_colors_info=&#8220;{}&#8220;][et_pb_row _builder_version=&#8220;4.16&#8243; global_colors_info=&#8220;{}&#8220;][et_pb_column type=&#8220;4_4&#8243; _builder_version=&#8220;4.16&#8243; global_colors_info=&#8220;{}&#8220;][et_pb_code _builder_version=&#8220;4.24.3&#8243; _module_preset=&#8220;default&#8220; global_colors_info=&#8220;{}&#8220;]<div class=\"trp_language_switcher_shortcode\">\n<div class=\"trp-language-switcher trp-language-switcher-container\" data-no-translation>\n    <div class=\"trp-ls-shortcode-current-language\">\n        <a href=\"#\" class=\"trp-ls-shortcode-disabled-language trp-ls-disabled-language\" title=\"English\" onclick=\"event.preventDefault()\">\n\t\t\t EN\t\t<\/a>\n    <\/div>\n    <div class=\"trp-ls-shortcode-language\">\n                <a href=\"#\" class=\"trp-ls-shortcode-disabled-language trp-ls-disabled-language\"  title=\"English\" onclick=\"event.preventDefault()\">\n\t\t\t EN\t\t<\/a>\n                    <a href=\"https:\/\/gegenstrom.org\/en\/wp-json\/wp\/v2\/pages\/105\" title=\"German\">\n             DE        <\/a>\n\n        <\/div>\n    <script type=\"application\/javascript\">\n        \/\/ need to have the same with set from JS on both divs. Otherwise it can push stuff around in HTML\n        var trp_ls_shortcodes = document.querySelectorAll('.trp_language_switcher_shortcode .trp-language-switcher');\n        if ( trp_ls_shortcodes.length > 0) {\n            \/\/ get the last language switcher added\n            var trp_el = trp_ls_shortcodes[trp_ls_shortcodes.length - 1];\n\n            var trp_shortcode_language_item = trp_el.querySelector( '.trp-ls-shortcode-language' )\n            \/\/ set width\n            var trp_ls_shortcode_width                                               = trp_shortcode_language_item.offsetWidth + 16;\n            trp_shortcode_language_item.style.width                                  = trp_ls_shortcode_width + 'px';\n            trp_el.querySelector( '.trp-ls-shortcode-current-language' ).style.width = trp_ls_shortcode_width + 'px';\n\n            \/\/ We're putting this on display: none after we have its width.\n            trp_shortcode_language_item.style.display = 'none';\n        }\n    <\/script>\n<\/div>\n<\/div>[\/et_pb_code][et_pb_text _builder_version=&#8220;4.16&#8243; header_3_line_height=&#8220;1.1em&#8220; background_size=&#8220;contain&#8220; background_blend=&#8220;exclusion&#8220; custom_margin=&#8220;|||&#8220; custom_margin_tablet=&#8220;&#8220; custom_margin_phone=&#8220;|-20px||-20px&#8220; custom_margin_last_edited=&#8220;on|phone&#8220; custom_padding=&#8220;0px|||||&#8220; link_option_url_new_window=&#8220;on&#8220; header_font_size_tablet=&#8220;&#8220; header_font_size_phone=&#8220;24px&#8220; header_font_size_last_edited=&#8220;on|phone&#8220; z_index_tablet=&#8220;500&#8243; text_text_shadow_horizontal_length_tablet=&#8220;0px&#8220; text_text_shadow_vertical_length_tablet=&#8220;0px&#8220; text_text_shadow_blur_strength_tablet=&#8220;1px&#8220; link_text_shadow_horizontal_length_tablet=&#8220;0px&#8220; link_text_shadow_vertical_length_tablet=&#8220;0px&#8220; link_text_shadow_blur_strength_tablet=&#8220;1px&#8220; ul_text_shadow_horizontal_length_tablet=&#8220;0px&#8220; ul_text_shadow_vertical_length_tablet=&#8220;0px&#8220; ul_text_shadow_blur_strength_tablet=&#8220;1px&#8220; ol_text_shadow_horizontal_length_tablet=&#8220;0px&#8220; ol_text_shadow_vertical_length_tablet=&#8220;0px&#8220; ol_text_shadow_blur_strength_tablet=&#8220;1px&#8220; quote_text_shadow_horizontal_length_tablet=&#8220;0px&#8220; quote_text_shadow_vertical_length_tablet=&#8220;0px&#8220; quote_text_shadow_blur_strength_tablet=&#8220;1px&#8220; header_text_shadow_horizontal_length_tablet=&#8220;0px&#8220; header_text_shadow_vertical_length_tablet=&#8220;0px&#8220; header_text_shadow_blur_strength_tablet=&#8220;1px&#8220; header_2_text_shadow_horizontal_length_tablet=&#8220;0px&#8220; header_2_text_shadow_vertical_length_tablet=&#8220;0px&#8220; header_2_text_shadow_blur_strength_tablet=&#8220;1px&#8220; header_3_text_shadow_horizontal_length_tablet=&#8220;0px&#8220; header_3_text_shadow_vertical_length_tablet=&#8220;0px&#8220; header_3_text_shadow_blur_strength_tablet=&#8220;1px&#8220; header_4_text_shadow_horizontal_length_tablet=&#8220;0px&#8220; header_4_text_shadow_vertical_length_tablet=&#8220;0px&#8220; header_4_text_shadow_blur_strength_tablet=&#8220;1px&#8220; header_5_text_shadow_horizontal_length_tablet=&#8220;0px&#8220; header_5_text_shadow_vertical_length_tablet=&#8220;0px&#8220; header_5_text_shadow_blur_strength_tablet=&#8220;1px&#8220; header_6_text_shadow_horizontal_length_tablet=&#8220;0px&#8220; header_6_text_shadow_vertical_length_tablet=&#8220;0px&#8220; header_6_text_shadow_blur_strength_tablet=&#8220;1px&#8220; box_shadow_horizontal_tablet=&#8220;0px&#8220; box_shadow_vertical_tablet=&#8220;0px&#8220; box_shadow_blur_tablet=&#8220;40px&#8220; box_shadow_spread_tablet=&#8220;0px&#8220; global_colors_info=&#8220;{}&#8220;]<\/p>\n<h1>Who we are<\/h1>\n<p>In the recent past, MetaPol has established itself as the organizer of right-wing-intellectual discussion rounds, lecture events and colloquia - even on very controversial topics.\u00a0\nThe publishing house is characterized by striving for objective discussions and doesn't shy away from including speakers, participants and authors of the most diverse ideologies, ideas and concepts.\u00a0The seminar on right-wing metapolitics in particular enjoyed a large number of visitors, which shows that there is a strong need for intellectual discourse within the German political right.<\/p>\n<p>MetaPol sees itself as a special publishing project within the milieu. \nIn this way, the publishers not only want to show the variety of groups and ideological facets of the German right, but also want to give the predominantly right-wing readers tools that differ from the usual questions. \nTherefore our task is not to warn the reader of over-foreignization, liberalism and the \"deeds of evil capitalists\" - like so many did a thousand times before.<\/p>\n<p>MetaPol has been online since January 1, 2017 with it's blog called \"Gegenstrom\".\u00a0On the website there is a kind of \"free think tank\" in which right-wing protagonists from a wide variety of political and ideological camps are now taking part in order to trigger debates with their contributions.\u00a0Questions of faith and religion, natural sciences, ideological concepts, personalities and revolutionary stories are examined.\u00a0With \"Gegenstrom\", MetaPol makes free knowledge available and also relies on your cooperation. The publisher therefore invites you to participate in the creation of a broad and factual culture of discussion and debate within the right.\u00a0Do you have a good article, idea for a book, or a paper that you think might be of interest to the publisher or the blog?\u00a0<\/p>\n<p>Then <a href=\"https:\/\/gegenstrom.org\/en\/kontakt\/\">get in touch<\/a> with us.<\/p>\n<p>[\/et_pb_text][\/et_pb_column][\/et_pb_row][et_pb_row column_structure=&#8220;1_2,1_2&#8243; _builder_version=&#8220;4.16&#8243; global_colors_info=&#8220;{}&#8220;][et_pb_column type=&#8220;1_2&#8243; _builder_version=&#8220;4.16&#8243; global_colors_info=&#8220;{}&#8220;][et_pb_text _builder_version=&#8220;4.16&#8243; custom_margin_tablet=&#8220;&#8220; custom_margin_phone=&#8220;|-20px||-20px|false|false&#8220; custom_margin_last_edited=&#8220;on|phone&#8220; global_colors_info=&#8220;{}&#8220;]<\/p>\n<h1>Our emblem<\/h1>\n<p>After the battle between the gods of Titan and the Olympian origins, Zeus punished the Titans for their loyalty to their leader, Kronos.\u00a0Unlike most of the other titans, Atlas was not banished to Tartarus for taking part in the battle, but was given the arduous task of supporting Uranus on the westernmost edge of the world so that it would not come down to earth again.<\/p>\n<p>We native Europeans also carry a heavy burden on our shoulders. It is the responsibility to preserve the spirit and heritage of our fathers in the age of nihilism.\u00a0<span style=\"font-size: 14px;\">That's why we decided to wear this ancient hero as a part of our coat of arms.<\/span><\/p>\n<p>On the other hand, the cogwheel symbolizes the work and a machine that is made to run.\u00a0The nerves suggest - intentionally light and subtle - the ratio, the intellectual work, the creative spirit in our publishing house.\u00a0Thus, the upper spherical shape has a striking contrast of technical set pieces and organic structures.\u00a0At the same time, these components make clear the striving towards the Faustian spirit and the denial of something which degenerates into something self-perpetuating. With its food for thought, MetaPol would like to contribute to a maturation of the fragmented right in Germany and Europe, towards a true, a \"real\" right, beyond camps.<\/p>\n<p>[\/et_pb_text][\/et_pb_column][et_pb_column type=&#8220;1_2&#8243; _builder_version=&#8220;4.16&#8243; global_colors_info=&#8220;{}&#8220;][et_pb_image src=&#8220;https:\/\/gegenstrom.org\/wp-content\/uploads\/2020\/01\/BM_Horizontal_Farbe_XL-170&#215;300.png&#8220; align=&#8220;center&#8220; _builder_version=&#8220;4.16&#8243; width=&#8220;90%&#8220; custom_margin=&#8220;50px||||false|false&#8220; global_colors_info=&#8220;{}&#8220; width__hover_enabled=&#8220;on|hover&#8220; width__hover=&#8220;100%&#8220;][\/et_pb_image][\/et_pb_column][\/et_pb_row][\/et_pb_section]<\/p>","protected":false},"excerpt":{"rendered":"<p><div class=\"trp_language_switcher_shortcode\">\n<div class=\"trp-language-switcher trp-language-switcher-container\" data-no-translation>\n    <div class=\"trp-ls-shortcode-current-language\">\n        <a href=\"#\" class=\"trp-ls-shortcode-disabled-language trp-ls-disabled-language\" title=\"English\" onclick=\"event.preventDefault()\">\n\t\t\t EN\t\t<\/a>\n    <\/div>\n    <div class=\"trp-ls-shortcode-language\">\n                <a href=\"#\" class=\"trp-ls-shortcode-disabled-language trp-ls-disabled-language\"  title=\"English\" onclick=\"event.preventDefault()\">\n\t\t\t EN\t\t<\/a>\n                    <a href=\"https:\/\/gegenstrom.org\/en\/wp-json\/wp\/v2\/pages\/105\" title=\"German\">\n             DE        <\/a>\n\n        <\/div>\n    <script type=\"application\/javascript\">\n        \/\/ need to have the same with set from JS on both divs. Otherwise it can push stuff around in HTML\n        var trp_ls_shortcodes = document.querySelectorAll('.trp_language_switcher_shortcode .trp-language-switcher');\n        if ( trp_ls_shortcodes.length > 0) {\n            \/\/ get the last language switcher added\n            var trp_el = trp_ls_shortcodes[trp_ls_shortcodes.length - 1];\n\n            var trp_shortcode_language_item = trp_el.querySelector( '.trp-ls-shortcode-language' )\n            \/\/ set width\n            var trp_ls_shortcode_width                                               = trp_shortcode_language_item.offsetWidth + 16;\n            trp_shortcode_language_item.style.width                                  = trp_ls_shortcode_width + 'px';\n            trp_el.querySelector( '.trp-ls-shortcode-current-language' ).style.width = trp_ls_shortcode_width + 'px';\n\n            \/\/ We're putting this on display: none after we have its width.\n            trp_shortcode_language_item.style.display = 'none';\n        }\n    <\/script>\n<\/div>\n<\/div>Ein Verlag stellt sich vor MetaPol hat sich in der j\u00fcngsten Vergangenheit als Veranstalter von rechtsintellektuellen Diskussionsrunden, Vortragsveranstaltungen und Kolloquien nicht selten zu auch sehr kontroversen Themen hervorgetan. Dabei zeichnet sich der Verlag durch sein Streben nach sachlichen Auseinandersetzungen aus und scheut dabei nicht das Einbeziehen von Referenten, Teilnehmern sowie Autoren verschiedenster Ideologie, Ideen und [&hellip;]<\/p>","protected":false},"author":5,"featured_media":0,"parent":0,"menu_order":0,"comment_status":"closed","ping_status":"closed","template":"","meta":{"_et_pb_use_builder":"on","_et_pb_old_content":"<p style=\"text-align: justify;\">Die deutsche Rechte ist heute gespaltener als je zuvor. W\u00e4hrend sich der europ\u00e4ische Westen \u2013 in der ersten Reihe Deutschland \u2013 selbst zerfleischt und das von vielen philosophischen Vordenkern vorhergesagte Zeitalter des Nihilismus immer mehr zur Realit\u00e4t wird, findet man bei der deutschen Rechten keine einheitliche Strategie vor, um dem drohenden, fatalistisch wirkenden Untergang des Abendlandes Einhalt zu gebieten. Dieser Blog, der dem rechten Verlag MetaPol angegliedert ist, will dem Abhilfe verschaffen, indem er sich durch intellektuelle, theoretische und philosophische Auseinandersetzungen mit der Rechten stellt und jeden Angeh\u00f6rigen derselben dazu einl\u00e4dt, sich an der gro\u00dfen Debatte \u00fcber Fortgang und Strategie der deutschen Rechten zu beteiligen. <em>Gegenstrom<\/em> versteht sich als metapolitische Plattform, die sich mit Theorien, jedoch auch mit dem aktuell-politischen Geschehen besch\u00e4ftigt und die diversen Str\u00f6mungen innerhalb der deutschen Rechten zur Interaktion miteinander verleiten soll. Der Name dieses Blogs l\u00e4sst bereits erahnen, dass die Initiatoren eine Art Bewegung gegen das Establishment mindestens beg\u00fcnstigen wollen. Er soll den informativen, philosophischen aber auch weltanschaulichen Strom gegen den Mainstream darstellen.<\/p><p style=\"text-align: justify;\"><strong>Was ist die Aufgabe von <em>Gegenstrom<\/em>?<\/strong><\/p><p style=\"text-align: justify;\">Die dr\u00e4ngendsten Fragen unserer Bewegung zu stellen. Dabei steht grunds\u00e4tzlich die Frage \u201e<em>Was tun?<\/em>\u201c im Mittelpunkt der Betrachtungen. Die theoretische, philosophische und intellektuelle Auseinandersetzung mit den diversen rechten Str\u00f6mungen fehlt.<\/p><p style=\"text-align: justify;\"><strong>Wer ist die Bewegung?<\/strong><\/p><p style=\"text-align: justify;\">Das Kollektiv, bestehend aus allen patriotischen sowie v\u00f6lkisch gesinnten Deutschen, die den universalistischen <em>Transmenschismus<\/em> ablehnen.<\/p><p style=\"text-align: justify;\"><strong>Wof\u00fcr stehen wir?<\/strong><\/p><p style=\"text-align: justify;\">F\u00fcr eine respektvolle, kritische und zukunftsorientierte Zusammenarbeit zwischen allen konstruktiven Kr\u00e4ften der Bewegung. Dazu geh\u00f6ren von b\u00fcrgerlich-konservativen bis zu radikalen Rechten alle, die dem Zeitalter des Nihilismus entgegenstehen. Es geht letztlich um die Verwirklichung einer kulturellen Revolution, die einer geistigen Revolution folgt. Diese wird ausschlie\u00dflich durch Metapolitik gew\u00e4hrleistet.<\/p><p style=\"text-align: justify;\"><strong>Ist es nicht eigentlich Zeit f\u00fcr Aktionen?<\/strong><\/p><p style=\"text-align: justify;\">Es ist sicherlich die Zeit f\u00fcr Aktionen. Aber es ist auch die Zeit der theoretischen Auseinandersetzung und der Fragestellung nach dem \u201cWof\u00fcr?\u201c, um einen gezielten Aktivismus f\u00fcr unsere Bewegung zu gew\u00e4hrleisten. Wir verstehen uns als Plattform f\u00fcr rechte Metapolitik. Unter Metapolitik sind dabei alle Aktivit\u00e4ten zu verstehen, die nicht unmittelbar mit der wahrnehmbaren realexistierenden Politik verkn\u00fcpft sind. Rechte Metapolitik ist daher vor allem Arbeit im vorpolitischen Raum, der einer jeden kulturellen Revolution vorhergeht.<\/p><p style=\"text-align: justify;\"><strong>Wie kann ich etwas dazu beitragen?<\/strong><\/p><p style=\"text-align: justify;\">Indem Sie uns Artikel, Videos oder sonstige Beitr\u00e4ge zuschicken, um somit Debatten ins Rollen zu bringen, oder auf Beitr\u00e4ge von anderen Autoren reagieren. Beitr\u00e4ge k\u00f6nnen <a href=\"https:\/\/gegenstrom.org\/kontakt\/\">hier<\/a> eingereicht werden.<\/p>","_et_gb_content_width":"","footnotes":""},"class_list":["post-105","page","type-page","status-publish","hentry"],"yoast_head":"<!-- This site is optimized with the Yoast SEO plugin v26.2 - https:\/\/yoast.com\/wordpress\/plugins\/seo\/ -->\n<title>Metapol - Gegenstrom<\/title>\n<meta name=\"robots\" content=\"index, follow, max-snippet:-1, max-image-preview:large, max-video-preview:-1\" \/>\n<link rel=\"canonical\" href=\"https:\/\/gegenstrom.org\/en\/metapol\/\" \/>\n<meta property=\"og:locale\" content=\"en_US\" \/>\n<meta property=\"og:type\" content=\"article\" \/>\n<meta property=\"og:title\" content=\"Metapol - Gegenstrom\" \/>\n<meta property=\"og:description\" content=\"Ein Verlag stellt sich vor MetaPol hat sich in der j\u00fcngsten Vergangenheit als Veranstalter von rechtsintellektuellen Diskussionsrunden, Vortragsveranstaltungen und Kolloquien nicht selten zu auch sehr kontroversen Themen hervorgetan. Dabei zeichnet sich der Verlag durch sein Streben nach sachlichen Auseinandersetzungen aus und scheut dabei nicht das Einbeziehen von Referenten, Teilnehmern sowie Autoren verschiedenster Ideologie, Ideen und [&hellip;]\" \/>\n<meta property=\"og:url\" content=\"https:\/\/gegenstrom.org\/en\/metapol\/\" \/>\n<meta property=\"og:site_name\" content=\"Gegenstrom\" \/>\n<meta property=\"article:publisher\" content=\"https:\/\/de-de.facebook.com\/rechteMetapolitik\/\" \/>\n<meta property=\"article:modified_time\" content=\"2024-04-08T13:17:42+00:00\" \/>\n<meta name=\"twitter:card\" content=\"summary_large_image\" \/>\n<meta name=\"twitter:label1\" content=\"Est. reading time\" \/>\n\t<meta name=\"twitter:data1\" content=\"6 minutes\" \/>\n<script type=\"application\/ld+json\" class=\"yoast-schema-graph\">{\"@context\":\"https:\/\/schema.org\",\"@graph\":[{\"@type\":\"WebPage\",\"@id\":\"https:\/\/gegenstrom.org\/metapol\/\",\"url\":\"https:\/\/gegenstrom.org\/metapol\/\",\"name\":\"Metapol - Gegenstrom\",\"isPartOf\":{\"@id\":\"https:\/\/gegenstrom.org\/#website\"},\"datePublished\":\"2016-09-27T19:35:47+00:00\",\"dateModified\":\"2024-04-08T13:17:42+00:00\",\"breadcrumb\":{\"@id\":\"https:\/\/gegenstrom.org\/metapol\/#breadcrumb\"},\"inLanguage\":\"en-US\",\"potentialAction\":[{\"@type\":\"ReadAction\",\"target\":[\"https:\/\/gegenstrom.org\/metapol\/\"]}]},{\"@type\":\"BreadcrumbList\",\"@id\":\"https:\/\/gegenstrom.org\/metapol\/#breadcrumb\",\"itemListElement\":[{\"@type\":\"ListItem\",\"position\":1,\"name\":\"Startseite\",\"item\":\"https:\/\/gegenstrom.org\/\"},{\"@type\":\"ListItem\",\"position\":2,\"name\":\"Metapol\"}]},{\"@type\":\"WebSite\",\"@id\":\"https:\/\/gegenstrom.org\/#website\",\"url\":\"https:\/\/gegenstrom.org\/\",\"name\":\"Gegenstrom\",\"description\":\"Plattform f\u00fcr rechte Metapolitik\",\"publisher\":{\"@id\":\"https:\/\/gegenstrom.org\/#organization\"},\"potentialAction\":[{\"@type\":\"SearchAction\",\"target\":{\"@type\":\"EntryPoint\",\"urlTemplate\":\"https:\/\/gegenstrom.org\/?s={search_term_string}\"},\"query-input\":{\"@type\":\"PropertyValueSpecification\",\"valueRequired\":true,\"valueName\":\"search_term_string\"}}],\"inLanguage\":\"en-US\"},{\"@type\":\"Organization\",\"@id\":\"https:\/\/gegenstrom.org\/#organization\",\"name\":\"Metapol Verlag & Medien\",\"url\":\"https:\/\/gegenstrom.org\/\",\"logo\":{\"@type\":\"ImageObject\",\"inLanguage\":\"en-US\",\"@id\":\"https:\/\/gegenstrom.org\/#\/schema\/logo\/image\/\",\"url\":\"https:\/\/gegenstrom.org\/wp-content\/uploads\/2019\/11\/WMB_Senkrecht_Farbe_M-e1574681161133.png\",\"contentUrl\":\"https:\/\/gegenstrom.org\/wp-content\/uploads\/2019\/11\/WMB_Senkrecht_Farbe_M-e1574681161133.png\",\"width\":300,\"height\":219,\"caption\":\"Metapol Verlag & Medien\"},\"image\":{\"@id\":\"https:\/\/gegenstrom.org\/#\/schema\/logo\/image\/\"},\"sameAs\":[\"https:\/\/de-de.facebook.com\/rechteMetapolitik\/\",\"https:\/\/www.youtube.com\/channel\/UCvQizs-yQ8YapMiyuD6wDrw\"]}]}<\/script>\n<!-- \/ Yoast SEO plugin. -->","yoast_head_json":{"title":"Metapol - Gegenstrom","robots":{"index":"index","follow":"follow","max-snippet":"max-snippet:-1","max-image-preview":"max-image-preview:large","max-video-preview":"max-video-preview:-1"},"canonical":"https:\/\/gegenstrom.org\/en\/metapol\/","og_locale":"en_US","og_type":"article","og_title":"Metapol - Gegenstrom","og_description":"Ein Verlag stellt sich vor MetaPol hat sich in der j\u00fcngsten Vergangenheit als Veranstalter von rechtsintellektuellen Diskussionsrunden, Vortragsveranstaltungen und Kolloquien nicht selten zu auch sehr kontroversen Themen hervorgetan. Dabei zeichnet sich der Verlag durch sein Streben nach sachlichen Auseinandersetzungen aus und scheut dabei nicht das Einbeziehen von Referenten, Teilnehmern sowie Autoren verschiedenster Ideologie, Ideen und [&hellip;]","og_url":"https:\/\/gegenstrom.org\/en\/metapol\/","og_site_name":"Gegenstrom","article_publisher":"https:\/\/de-de.facebook.com\/rechteMetapolitik\/","article_modified_time":"2024-04-08T13:17:42+00:00","twitter_card":"summary_large_image","twitter_misc":{"Est. reading time":"6 minutes"},"schema":{"@context":"https:\/\/schema.org","@graph":[{"@type":"WebPage","@id":"https:\/\/gegenstrom.org\/metapol\/","url":"https:\/\/gegenstrom.org\/metapol\/","name":"Metapol - Gegenstrom","isPartOf":{"@id":"https:\/\/gegenstrom.org\/#website"},"datePublished":"2016-09-27T19:35:47+00:00","dateModified":"2024-04-08T13:17:42+00:00","breadcrumb":{"@id":"https:\/\/gegenstrom.org\/metapol\/#breadcrumb"},"inLanguage":"en-US","potentialAction":[{"@type":"ReadAction","target":["https:\/\/gegenstrom.org\/metapol\/"]}]},{"@type":"BreadcrumbList","@id":"https:\/\/gegenstrom.org\/metapol\/#breadcrumb","itemListElement":[{"@type":"ListItem","position":1,"name":"Startseite","item":"https:\/\/gegenstrom.org\/"},{"@type":"ListItem","position":2,"name":"Metapol"}]},{"@type":"WebSite","@id":"https:\/\/gegenstrom.org\/#website","url":"https:\/\/gegenstrom.org\/","name":"Gegenstrom","description":"Plattform f\u00fcr rechte Metapolitik","publisher":{"@id":"https:\/\/gegenstrom.org\/#organization"},"potentialAction":[{"@type":"SearchAction","target":{"@type":"EntryPoint","urlTemplate":"https:\/\/gegenstrom.org\/?s={search_term_string}"},"query-input":{"@type":"PropertyValueSpecification","valueRequired":true,"valueName":"search_term_string"}}],"inLanguage":"en-US"},{"@type":"Organization","@id":"https:\/\/gegenstrom.org\/#organization","name":"Metapol Verlag & Medien","url":"https:\/\/gegenstrom.org\/","logo":{"@type":"ImageObject","inLanguage":"en-US","@id":"https:\/\/gegenstrom.org\/#\/schema\/logo\/image\/","url":"https:\/\/gegenstrom.org\/wp-content\/uploads\/2019\/11\/WMB_Senkrecht_Farbe_M-e1574681161133.png","contentUrl":"https:\/\/gegenstrom.org\/wp-content\/uploads\/2019\/11\/WMB_Senkrecht_Farbe_M-e1574681161133.png","width":300,"height":219,"caption":"Metapol Verlag & Medien"},"image":{"@id":"https:\/\/gegenstrom.org\/#\/schema\/logo\/image\/"},"sameAs":["https:\/\/de-de.facebook.com\/rechteMetapolitik\/","https:\/\/www.youtube.com\/channel\/UCvQizs-yQ8YapMiyuD6wDrw"]}]}},"jetpack_sharing_enabled":true,"_links":{"self":[{"href":"https:\/\/gegenstrom.org\/en\/wp-json\/wp\/v2\/pages\/105","targetHints":{"allow":["GET"]}}],"collection":[{"href":"https:\/\/gegenstrom.org\/en\/wp-json\/wp\/v2\/pages"}],"about":[{"href":"https:\/\/gegenstrom.org\/en\/wp-json\/wp\/v2\/types\/page"}],"author":[{"embeddable":true,"href":"https:\/\/gegenstrom.org\/en\/wp-json\/wp\/v2\/users\/5"}],"replies":[{"embeddable":true,"href":"https:\/\/gegenstrom.org\/en\/wp-json\/wp\/v2\/comments?post=105"}],"version-history":[{"count":3,"href":"https:\/\/gegenstrom.org\/en\/wp-json\/wp\/v2\/pages\/105\/revisions"}],"predecessor-version":[{"id":9921,"href":"https:\/\/gegenstrom.org\/en\/wp-json\/wp\/v2\/pages\/105\/revisions\/9921"}],"wp:attachment":[{"href":"https:\/\/gegenstrom.org\/en\/wp-json\/wp\/v2\/media?parent=105"}],"curies":[{"name":"wp","href":"https:\/\/api.w.org\/{rel}","templated":true}]}}